{"id":1577,"date":"2020-01-15T14:17:00","date_gmt":"2020-01-15T14:17:00","guid":{"rendered":"https:\/\/www.bureaucube.com\/?page_id=1577"},"modified":"2024-10-30T21:44:23","modified_gmt":"2024-10-30T21:44:23","slug":"publications","status":"publish","type":"page","link":"https:\/\/www.bureaucube.com\/sr\/reference\/publications\/","title":{"rendered":"Publikacije"},"content":{"rendered":"<p><section class=\"kc-elm kc-css-26145 kc_row\"><div class=\"kc-row-container  kc-container\"><div class=\"kc-wrap-columns\"><div class=\"kc-elm kc-css-40190 kc_col-sm-12 kc_column kc_col-sm-12\"><div class=\"kc-col-container\"><div class=\"kc-elm kc-css-746561 kc-raw-code\"><div class=\"sec-title custom\">\r\n<div class=\"title\">Bureau Cube Partners<\/div>\r\n<h2>Publikacije<\/h2>\r\n<\/div><\/div><div class=\"kc-elm kc-css-200128 kc_text_block\"><\/p>\n<p><a href=\"https:\/\/www.bureaucube.com\/wp-content\/uploads\/2022\/10\/Inzenjerske-preporuke-CSR-scaled.jpg\" target=\"_blank\" rel=\"noopener\" data-rel=\"lightbox-image-0\" data-rl_title=\"\" data-rl_caption=\"\" title=\"\">In\u017eenjerske preporuke i uputstva za projektovanje javnih objekata Objekti socijalne za\u0161tite \u2013 Centri za socijalni rad<\/a><\/p>\n<hr \/>\n<p>\n<\/div><\/div><\/div><\/div><\/div><\/section><section class=\"kc-elm kc-css-749454 kc_row\"><div class=\"kc-row-container  kc-container\"><div class=\"kc-wrap-columns\"><div class=\"kc-elm kc-css-925383 kc_col-sm-12 kc_column kc_col-sm-12\"><div class=\"kc-col-container\"><div class=\"kc-elm kc-css-320468 kc_text_block\"><\/p>\n<p><a href=\"https:\/\/www.bureaucube.com\/wp-content\/uploads\/2022\/10\/Inzenjerske-preporuke-Tuzilastva-scaled.jpg\" target=\"_blank\" rel=\"noopener\" data-rel=\"lightbox-image-1\" data-rl_title=\"\" data-rl_caption=\"\" title=\"\">In\u017eenjerske preporuke i uputstva za projektovanje javnih objekata Objekti javnih tu\u017eila\u0161tava \u2013 Osnovna i Vi\u0161a javna tu\u017eilastva<\/a><\/p>\n<hr \/>\n<p>\n<\/div><\/div><\/div><\/div><\/div><\/section><section class=\"kc-elm kc-css-379840 kc_row\"><div class=\"kc-row-container  kc-container\"><div class=\"kc-wrap-columns\"><div class=\"kc-elm kc-css-124025 kc_col-sm-12 kc_column kc_col-sm-12\"><div class=\"kc-col-container\"><div class=\"kc-elm kc-css-450528\" style=\"height: 50px; clear: both; width:100%;\"><\/div><div class=\"kc-elm kc-css-832719 kc-raw-code\"><div class=\"sec-title custom\">\r\n<div class=\"title\">Bureau Cube Partners<\/div>\r\n<h2>Studijske analize<\/h2>\r\n<\/div><\/div><div class=\"kc-elm kc-css-878476 kc_text_block\"><\/p>\n<div class=\"prostorno\"><span data-sheets-root=\"1\" data-sheets-value=\"{\"1\":2,\"2\":\"Elaborate of fulfillment of the criteria for construction of a high-rise building within TEHNICOM complex in Belgrade\"}\" data-sheets-userformat=\"{\"2\":15233,\"3\":{\"1\":0},\"10\":0,\"11\":0,\"12\":0,\"14\":{\"1\":2,\"2\":0},\"15\":\"Arial, sans-serif\",\"16\":12}\">Studijska analiza ispunjenosti kriterijuma za izgradnju visokog objekta u okviru kompleksa TEHNICOM u Beogradu<\/span><\/div>\n<div>\n<hr \/>\n<\/div>\n<div class=\"prostorno\"><span data-sheets-root=\"1\" data-sheets-value=\"{\"1\":2,\"2\":\"Elaborate of fulfillment of the criteria for construction of a high-rise building within SKYLINE complex in Belgrade\"}\" data-sheets-userformat=\"{\"2\":15233,\"3\":{\"1\":0},\"10\":0,\"11\":0,\"12\":0,\"14\":{\"1\":2,\"2\":0},\"15\":\"Arial, sans-serif\",\"16\":12}\">Studijska analiza ispunjenosti kriterijuma za izgradnju visokog objekta u okviru kompleksa SKYLINE u Beogradu<\/span><\/div>\n<div>\n<hr \/>\n<\/div>\n<div class=\"prostorno\"><span data-sheets-root=\"1\" data-sheets-value=\"{\"1\":2,\"2\":\"Elaborate of fulfillment of the criteria for construction of a high-rise building within HOLDING GAJ complex in Belgrade\"}\" data-sheets-userformat=\"{\"2\":15233,\"3\":{\"1\":0},\"10\":0,\"11\":0,\"12\":0,\"14\":{\"1\":2,\"2\":0},\"15\":\"Arial, sans-serif\",\"16\":12}\">Studijska analiza ispunjenosti kriterijuma za izgradnju visokog objekta u okviru kompleksa HOLDING GAJ u Beogradu<\/span><\/div>\n<div>\n<hr \/>\n<\/div>\n<div class=\"prostorno\"><span data-sheets-root=\"1\" data-sheets-value=\"{\"1\":2,\"2\":\"Elaborate of fulfillment of the criteria for construction of a high-rise building within WELLPORT complex in Belgrade\"}\" data-sheets-userformat=\"{\"2\":15233,\"3\":{\"1\":0},\"10\":0,\"11\":0,\"12\":0,\"14\":{\"1\":2,\"2\":0},\"15\":\"Arial, sans-serif\",\"16\":12}\">Studijska analiza ispunjenosti kriterijuma za izgradnju visokog objekta u okviru kompleksa WELLPORT u Beogradu<\/span><\/div>\n<div>\n<hr \/>\n<\/div>\n<div class=\"prostorno\"><span data-sheets-root=\"1\" data-sheets-value=\"{\"1\":2,\"2\":\"Elaborate of fulfillment of the criteria for construction of a high-rise building located in Block 13 within BELGRADE WATERFRONT complex, Municipality of Savski venac, Belgrade\"}\" data-sheets-userformat=\"{\"2\":15233,\"3\":{\"1\":0},\"10\":0,\"11\":0,\"12\":0,\"14\":{\"1\":2,\"2\":0},\"15\":\"Arial, sans-serif\",\"16\":12}\">Studijska analiza ispunjenosti kriterijuma za izgradnju visokog objekta na lokaciji u Bloku 13 u okviru kompleksa BWF \u2013 BEOGRAD NA VODI, GO Savski venac u Beogradu<\/span><\/div>\n<div>\n<hr \/>\n<\/div>\n<div class=\"prostorno\"><span data-sheets-root=\"1\" data-sheets-value=\"{\"1\":2,\"2\":\"Elaborate of fulfillment of the criteria for construction of a high-rise building within VO\u017dDOVE KAPIJE complex in Belgrade\"}\" data-sheets-userformat=\"{\"2\":15233,\"3\":{\"1\":0},\"10\":0,\"11\":0,\"12\":0,\"14\":{\"1\":2,\"2\":0},\"15\":\"Arial, sans-serif\",\"16\":12}\">Studijska analiza ispunjenosti kriterijuma za izgradnju visokog objekta u okviru kompleksa VO\u017dDOVE KAPIJE u Beogradu<\/span><\/div>\n<div>\n<hr \/>\n<\/div>\n<div class=\"prostorno\"><span data-sheets-root=\"1\" data-sheets-value=\"{\"1\":2,\"2\":\"Elaborate of fulfillment of the criteria for construction of a high-rise building within WEST 65 complex in Belgrade\"}\" data-sheets-userformat=\"{\"2\":15233,\"3\":{\"1\":0},\"10\":0,\"11\":0,\"12\":0,\"14\":{\"1\":2,\"2\":0},\"15\":\"Arial, sans-serif\",\"16\":12}\">Studijska analiza ispunjenosti kriterijuma za izgradnju visokog objekta u okviru kompleksa WEST 65 u Beogradu<\/span><\/div>\n<div>\n<hr \/>\n<\/div>\n<div class=\"prostorno\"><span data-sheets-root=\"1\" data-sheets-value=\"{\"1\":2,\"2\":\"Elaborate of fulfillment of the criteria for construction of high-rise buildings within AIRPORT CITY complex in Belgrade\"}\" data-sheets-userformat=\"{\"2\":15233,\"3\":{\"1\":0},\"10\":0,\"11\":0,\"12\":0,\"14\":{\"1\":2,\"2\":0},\"15\":\"Arial, sans-serif\",\"16\":12}\">Studijska analiza ispunjenosti kriterijuma za izgradnju visokih objekata u okviru kompleksa AIRPORT CITY u Beogradu<\/span><\/div>\n<div>\n<hr \/>\n<\/div>\n<p>\n<\/div><\/div><\/div><\/div><\/div><\/section><\/p>\n","protected":false},"excerpt":{"rendered":"","protected":false},"author":1,"featured_media":0,"parent":6145,"menu_order":0,"comment_status":"closed","ping_status":"closed","template":"","meta":{"footnotes":""},"class_list":["post-1577","page","type-page","status-publish","hentry"],"_links":{"self":[{"href":"https:\/\/www.bureaucube.com\/sr\/wp-json\/wp\/v2\/pages\/1577"}],"collection":[{"href":"https:\/\/www.bureaucube.com\/sr\/wp-json\/wp\/v2\/pages"}],"about":[{"href":"https:\/\/www.bureaucube.com\/sr\/wp-json\/wp\/v2\/types\/page"}],"author":[{"embeddable":true,"href":"https:\/\/www.bureaucube.com\/sr\/wp-json\/wp\/v2\/users\/1"}],"replies":[{"embeddable":true,"href":"https:\/\/www.bureaucube.com\/sr\/wp-json\/wp\/v2\/comments?post=1577"}],"version-history":[{"count":33,"href":"https:\/\/www.bureaucube.com\/sr\/wp-json\/wp\/v2\/pages\/1577\/revisions"}],"predecessor-version":[{"id":4121,"href":"https:\/\/www.bureaucube.com\/sr\/wp-json\/wp\/v2\/pages\/1577\/revisions\/4121"}],"up":[{"embeddable":true,"href":"https:\/\/www.bureaucube.com\/sr\/wp-json\/wp\/v2\/pages\/6145"}],"wp:attachment":[{"href":"https:\/\/www.bureaucube.com\/sr\/wp-json\/wp\/v2\/media?parent=1577"}],"curies":[{"name":"wp","href":"https:\/\/api.w.org\/{rel}","templated":true}]}}