{"id":6087,"date":"2024-10-30T20:58:32","date_gmt":"2024-10-30T20:58:32","guid":{"rendered":"https:\/\/www.bureaucube.com\/?page_id=6087"},"modified":"2024-11-07T11:05:46","modified_gmt":"2024-11-07T11:05:46","slug":"urbanisticka-prostorna-i-planska-dokumentacija","status":"publish","type":"page","link":"https:\/\/www.bureaucube.com\/sr\/urbanisticka-prostorna-i-planska-dokumentacija\/","title":{"rendered":"Urbanisti\u010dka, Prostorna I Planska Dokumentacija"},"content":{"rendered":"<section class=\"kc-elm kc-css-58081 kc_row\"><div class=\"kc-row-container  kc-container\"><div class=\"kc-wrap-columns\"><div class=\"kc-elm kc-css-110107 kc_col-sm-12 kc_column kc_col-sm-12\"><div class=\"kc-col-container\"><div class=\"kc-elm kc-css-33034 kc_text_block\"><\/p>\n<style type=\"text\/css\"><\/style>\n<section class=\"kc-elm kc-css-1118560 kc_row\">\n<div class=\"kc-row-container kc-container\">\n<div class=\"kc-wrap-columns\">\n<div class=\"kc-elm kc-css-3049509 kc_col-sm-12 kc_column kc_col-sm-12\">\n<div class=\"kc-col-container\">\n<p><!-- About Section Three --><\/p>\n<section class=\"about-section-three\">\n<div class=\"auto-container\">\n<div class=\"row clearfix\">\n            <!-- Image Column --><\/p>\n<div class=\"image-column col-lg-6 col-md-12 col-sm-12\">\n<div class=\"inner-column wow fadeInLeft\" data-wow-delay=\"0ms\" data-wow-duration=\"1500ms\">\n<div class=\"image\">\n                        <img decoding=\"async\" src=\"https:\/\/www.bureaucube.com\/wp-content\/uploads\/2021\/12\/Bureau-Cube-detalj-15.jpg\" alt=\"Awesome Image\" \/>\n                    <\/div>\n<\/div>\n<\/div>\n<p>            <!-- Content Column --><\/p>\n<div class=\"content-column col-lg-6 col-md-12 col-sm-12\">\n<div class=\"inner-column\">\n                    <!-- Sec Title --><\/p>\n<div class=\"sec-title\">\n<div class=\"inner-title\">\n<div class=\"title\">Bureau Cube Partners<\/div>\n<h2>Generalni Urbanisti\u010dki Planovi (GUP)<\/h2>\n<\/div>\n<\/div>\n<div class=\"text\">BUREAU CUBE PARTNERS priprema urbanisti\u010dke razvojne planove sa op\u0161tim elementima prostornog razvoja naselja i gradova kreiranjem Generalnog urbanisti\u010dkog plana (GUP), nude\u0107i generalna urbanisti\u010dka re\u0161enja urbanih funkcija, saobra\u0107ajnih koridora i infrastrukturnih projekata na nivou pokrivenosti gra\u0111evinske oblasti.<\/div>\n<ul class=\"list-style-one\">\n<li><\/li>\n<\/ul>\n<\/div>\n<\/div>\n<\/div>\n<\/div>\n<\/section>\n<p><!-- End About Section Three -->\n<\/div>\n<\/div>\n<\/div>\n<\/div>\n<\/section>\n<section class=\"kc-elm kc-css-3600021 kc_row\">\n<div class=\"kc-row-container kc-container\">\n<div class=\"kc-wrap-columns\">\n<div class=\"kc-elm kc-css-1893628 kc_col-sm-12 kc_column kc_col-sm-12\">\n<div class=\"kc-col-container\">\n<p><!-- About Section Three --><\/p>\n<section class=\"about-section-three\">\n<div class=\"auto-container\">\n<div class=\"row clearfix\">\n            <!-- Image Column --><\/p>\n<div class=\"image-column col-lg-6 col-md-12 col-sm-12\">\n<div class=\"inner-column wow fadeInLeft\" data-wow-delay=\"0ms\" data-wow-duration=\"1500ms\">\n<div class=\"image\">\n                        <img decoding=\"async\" src=\"https:\/\/www.bureaucube.com\/wp-content\/uploads\/2021\/12\/Bureau-Cube-detalj-22.jpg\" alt=\"Awesome Image\" \/>\n                    <\/div>\n<\/div>\n<\/div>\n<p>            <!-- Content Column --><\/p>\n<div class=\"content-column col-lg-6 col-md-12 col-sm-12\">\n<div class=\"inner-column\">\n                    <!-- Sec Title --><\/p>\n<div class=\"sec-title\">\n<div class=\"inner-title\">\n<div class=\"title\">Bureau Cube Partners<\/div>\n<h2>Planovi Generalne Regulacije (PGR)<\/h2>\n<\/div>\n<\/div>\n<div class=\"text\">BUREAU CUBE PARTNERS pru\u017ea sve potrebne uslove za dalji razvoj obavezuju\u0107ih planskih dokumenata vi\u0161eg reda, kroz izradu i primenu planova generalne regulacije (PGR), kao podru\u010dja naselja, gradova i mre\u017ee objekata i podru\u010dja javne namene.<\/div>\n<ul class=\"list-style-one\">\n<li><\/li>\n<\/ul>\n<\/div>\n<\/div>\n<\/div>\n<\/div>\n<\/section>\n<p><!-- End About Section Three -->\n<\/div>\n<\/div>\n<\/div>\n<\/div>\n<\/section>\n<section id=\"33\" class=\"kc-elm kc-css-143206 kc_row\">\n<div class=\"kc-row-container kc-container\">\n<div class=\"kc-wrap-columns\">\n<div class=\"kc-elm kc-css-4020249 kc_col-sm-12 kc_column kc_col-sm-12\">\n<div class=\"kc-col-container\">\n<p><!-- About Section Three --><\/p>\n<section class=\"about-section-three\">\n<div class=\"auto-container\">\n<div class=\"row clearfix\">\n            <!-- Image Column --><\/p>\n<div class=\"image-column col-lg-6 col-md-12 col-sm-12\">\n<div class=\"inner-column wow fadeInLeft\" data-wow-delay=\"0ms\" data-wow-duration=\"1500ms\">\n<div class=\"image\">\n                        <img decoding=\"async\" src=\"https:\/\/www.bureaucube.com\/wp-content\/uploads\/2021\/12\/Bureau-Cube-detalj-20.jpg\" alt=\"Awesome Image\" \/>\n                    <\/div>\n<\/div>\n<\/div>\n<p>            <!-- Content Column --><\/p>\n<div class=\"content-column col-lg-6 col-md-12 col-sm-12\">\n<div class=\"inner-column\">\n                    <!-- Sec Title --><\/p>\n<div class=\"sec-title\">\n<div class=\"inner-title\">\n<div class=\"title\">Bureau Cube Partners<\/div>\n<h2>Planovi Detaljne Regulacije (PDR)<\/h2>\n<\/div>\n<\/div>\n<div class=\"text\">BUREAU CUBE PARTNERS priprema, izra\u0111uje i sprovodi celokupnu proceduru i procese neophodne za naselja i gradove, neformalna naselja, zone urbane obnove i infrastrukturne koridore, kroz izradu planova detaljne regulacije (PDR) sa kompozicionim i formalnim planiranjem re\u0161enja blokovskog kontinenta u urbanim gradskim zonama.<\/div>\n<ul class=\"list-style-one\">\n<li><\/li>\n<\/ul>\n<\/div>\n<\/div>\n<\/div>\n<\/div>\n<\/section>\n<p><!-- End About Section Three -->\n<\/div>\n<\/div>\n<\/div>\n<\/div>\n<\/section>\n<p>\n<\/div><\/div><\/div><\/div><\/div><\/section>\n","protected":false},"excerpt":{"rendered":"","protected":false},"author":1,"featured_media":0,"parent":0,"menu_order":0,"comment_status":"closed","ping_status":"closed","template":"tpl-king_composer.php","meta":{"footnotes":""},"class_list":["post-6087","page","type-page","status-publish","hentry"],"_links":{"self":[{"href":"https:\/\/www.bureaucube.com\/sr\/wp-json\/wp\/v2\/pages\/6087"}],"collection":[{"href":"https:\/\/www.bureaucube.com\/sr\/wp-json\/wp\/v2\/pages"}],"about":[{"href":"https:\/\/www.bureaucube.com\/sr\/wp-json\/wp\/v2\/types\/page"}],"author":[{"embeddable":true,"href":"https:\/\/www.bureaucube.com\/sr\/wp-json\/wp\/v2\/users\/1"}],"replies":[{"embeddable":true,"href":"https:\/\/www.bureaucube.com\/sr\/wp-json\/wp\/v2\/comments?post=6087"}],"version-history":[{"count":5,"href":"https:\/\/www.bureaucube.com\/sr\/wp-json\/wp\/v2\/pages\/6087\/revisions"}],"predecessor-version":[{"id":6981,"href":"https:\/\/www.bureaucube.com\/sr\/wp-json\/wp\/v2\/pages\/6087\/revisions\/6981"}],"wp:attachment":[{"href":"https:\/\/www.bureaucube.com\/sr\/wp-json\/wp\/v2\/media?parent=6087"}],"curies":[{"name":"wp","href":"https:\/\/api.w.org\/{rel}","templated":true}]}}