{"id":6093,"date":"2024-10-30T21:04:26","date_gmt":"2024-10-30T21:04:26","guid":{"rendered":"https:\/\/www.bureaucube.com\/?page_id=6093"},"modified":"2024-11-07T11:18:10","modified_gmt":"2024-11-07T11:18:10","slug":"tehnicka-dokumentacija","status":"publish","type":"page","link":"https:\/\/www.bureaucube.com\/sr\/tehnicka-dokumentacija\/","title":{"rendered":"Tehni\u010dka dokumentacija"},"content":{"rendered":"<section class=\"kc-elm kc-css-937657 kc_row\"><div class=\"kc-row-container  kc-container\"><div class=\"kc-wrap-columns\"><div class=\"kc-elm kc-css-19552 kc_col-sm-12 kc_column kc_col-sm-12\"><div class=\"kc-col-container\"><div class=\"kc-elm kc-css-307964 kc_text_block\"><\/p>\n<style type=\"text\/css\"><\/style>\n<section class=\"kc-elm kc-css-3220024 kc_row\">\n<div class=\"kc-row-container kc-container\">\n<div class=\"kc-wrap-columns\">\n<div class=\"kc-elm kc-css-2672312 kc_col-sm-12 kc_column kc_col-sm-12\">\n<div class=\"kc-col-container\">\n<p><!-- About Section Three --><\/p>\n<section class=\"about-section-three\">\n<div class=\"auto-container\">\n<div class=\"row clearfix\">\n<p><!-- Image Column --><\/p>\n<div class=\"image-column col-lg-6 col-md-12 col-sm-12\">\n<div class=\"inner-column wow fadeInLeft\" data-wow-delay=\"0ms\" data-wow-duration=\"1500ms\">\n<div class=\"image\"><img decoding=\"async\" src=\"https:\/\/www.bureaucube.com\/wp-content\/uploads\/2021\/12\/Bureau-Cube-detalj-10.jpg\" alt=\"Awesome Image\" \/><\/div>\n<\/div>\n<\/div>\n<p><!-- Content Column --><\/p>\n<div class=\"content-column col-lg-6 col-md-12 col-sm-12\">\n<div class=\"inner-column\">\n<p><!-- Sec Title --><\/p>\n<div class=\"sec-title\">\n<div class=\"inner-title\">\n<div class=\"title\">Bureau Cube Partners<\/div>\n<h2>Idejna Re\u0161enja (IDR)<\/h2>\n<\/div>\n<\/div>\n<div class=\"text\">BUREAU CUBE PARTNERS u fazi planiranja va\u0161e investicije obezbe\u0111uje Idejna re\u0161enja (IDR) koje predstavlja prikaz planirane koncepcije va\u0161eg objekta sa prikazom i navo\u0111enjem podataka neophodnih za pribavljanje Lokacijskih uslova ili za potrebe urbanisti\u010dko-arhitektonske razrade va\u0161e lokacije u postupku izrade Urbanisti\u010dkog projekta.<\/div>\n<ul class=\"list-style-one\">\n<li><\/li>\n<\/ul>\n<\/div>\n<\/div>\n<\/div>\n<\/div>\n<\/section>\n<p><!-- End About Section Three --><\/p>\n<\/div>\n<\/div>\n<\/div>\n<\/div>\n<\/section>\n<section class=\"kc-elm kc-css-1792242 kc_row\">\n<div class=\"kc-row-container kc-container\">\n<div class=\"kc-wrap-columns\">\n<div class=\"kc-elm kc-css-753887 kc_col-sm-12 kc_column kc_col-sm-12\">\n<div class=\"kc-col-container\">\n<p><!-- About Section Three --><\/p>\n<section class=\"about-section-three\">\n<div class=\"auto-container\">\n<div class=\"row clearfix\">\n<p><!-- Image Column --><\/p>\n<div class=\"image-column col-lg-6 col-md-12 col-sm-12\">\n<div class=\"inner-column wow fadeInLeft\" data-wow-delay=\"0ms\" data-wow-duration=\"1500ms\">\n<div class=\"image\"><img decoding=\"async\" src=\"https:\/\/www.bureaucube.com\/wp-content\/uploads\/2021\/12\/Bureau-Cube-detalj-14.jpg\" alt=\"Awesome Image\" \/><\/div>\n<\/div>\n<\/div>\n<p><!-- Content Column --><\/p>\n<div class=\"content-column col-lg-6 col-md-12 col-sm-12\">\n<div class=\"inner-column\">\n<p><!-- Sec Title --><\/p>\n<div class=\"sec-title\">\n<div class=\"inner-title\">\n<div class=\"title\">Bureau Cube Partners<\/div>\n<h2>Idejni Projekti (IDP)<\/h2>\n<\/div>\n<\/div>\n<div class=\"text\">\n<p>BUREAU CUBE PARTNERS za vas obezbe\u0111uje Idejne projekte (IDP) koji predstavljaju skup me\u0111usobno usagla\u0161enih projekata kojima se odre\u0111uje namena, polo\u017eaj, oblik, infrastrukturni kapacitet, tehni\u010dke, tehnolo\u0161ke, funkcionalne karakteristike i kona\u010dno izgled objekta i okvirno dokazuje ispunjenost va\u0161ih postavljenih zahteva.<\/p>\n<\/div>\n<ul class=\"list-style-one\">\n<li><\/li>\n<\/ul>\n<\/div>\n<\/div>\n<\/div>\n<\/div>\n<\/section>\n<p><!-- End About Section Three --><\/p>\n<\/div>\n<\/div>\n<\/div>\n<\/div>\n<\/section>\n<section class=\"kc-elm kc-css-4302477 kc_row\">\n<div class=\"kc-row-container kc-container\">\n<div class=\"kc-wrap-columns\">\n<div class=\"kc-elm kc-css-3735644 kc_col-sm-12 kc_column kc_col-sm-12\">\n<div class=\"kc-col-container\">\n<p><!-- About Section Three --><\/p>\n<section class=\"about-section-three\">\n<div class=\"auto-container\">\n<div class=\"row clearfix\">\n<p><!-- Image Column --><\/p>\n<div class=\"image-column col-lg-6 col-md-12 col-sm-12\">\n<div class=\"inner-column wow fadeInLeft\" data-wow-delay=\"0ms\" data-wow-duration=\"1500ms\">\n<div class=\"image\"><img decoding=\"async\" src=\"https:\/\/www.bureaucube.com\/wp-content\/uploads\/2021\/12\/Bureau-Cube-detalj-13.jpg\" alt=\"Awesome Image\" \/><\/div>\n<\/div>\n<\/div>\n<p><!-- Content Column --><\/p>\n<div class=\"content-column col-lg-6 col-md-12 col-sm-12\">\n<div class=\"inner-column\">\n<p><!-- Sec Title --><\/p>\n<div class=\"sec-title\">\n<div class=\"inner-title\">\n<div class=\"title\">Bureau Cube Partners<\/div>\n<h2>Generalni Projekti (GNP)<\/h2>\n<\/div>\n<\/div>\n<div class=\"text\">BUREAU CUBE PARTNERS u fazi planiranja va\u0161e investicije sprovodi valorizaciju urbanisti\u010dkih, tehni\u010dko-tehnolo\u0161kih, imovinsko-pravnih i finansijskih aspekata investicije sa ciljem sagledavanja generalne koncepcije objekta i resursnih, prostornih, oblikovnih, makrolokacijskih i funkcionalnih mogu\u0107nosti i ograni\u010denja, sve kroz izradu Generalnog projekta (GNP), koji predstavlja matri\u010dnu postavku daljeg planiranja razvojne strategije va\u0161e investicije.<\/div>\n<ul class=\"list-style-one\">\n<li><\/li>\n<\/ul>\n<\/div>\n<\/div>\n<\/div>\n<\/div>\n<\/section>\n<p><!-- End About Section Three --><\/p>\n<\/div>\n<\/div>\n<\/div>\n<\/div>\n<\/section>\n<section class=\"kc-elm kc-css-3548691 kc_row\">\n<div class=\"kc-row-container kc-container\">\n<div class=\"kc-wrap-columns\">\n<div class=\"kc-elm kc-css-1708142 kc_col-sm-12 kc_column kc_col-sm-12\">\n<div class=\"kc-col-container\">\n<p><!-- About Section Three --><\/p>\n<section class=\"about-section-three\">\n<div class=\"auto-container\">\n<div class=\"row clearfix\">\n<p><!-- Image Column --><\/p>\n<div class=\"image-column col-lg-6 col-md-12 col-sm-12\">\n<div class=\"inner-column wow fadeInLeft\" data-wow-delay=\"0ms\" data-wow-duration=\"1500ms\">\n<div class=\"image\"><img decoding=\"async\" src=\"https:\/\/www.bureaucube.com\/wp-content\/uploads\/2021\/12\/Bureau-Cube-detalj-21.jpg\" alt=\"Awesome Image\" \/><\/div>\n<\/div>\n<\/div>\n<p><!-- Content Column --><\/p>\n<div class=\"content-column col-lg-6 col-md-12 col-sm-12\">\n<div class=\"inner-column\">\n<p><!-- Sec Title --><\/p>\n<div class=\"sec-title\">\n<div class=\"inner-title\">\n<div class=\"title\">Bureau Cube Partners<\/div>\n<h2>Projekti Za Gra\u0111evinsku Dozvolu (PGD)<\/h2>\n<\/div>\n<\/div>\n<div class=\"text\">BUREAU CUBE PARTNERS u fazi po\u010detka realizacije va\u0161e investicije obezbe\u0111uje Projekte za gra\u0111evinsku dozvolu (PGD) koji predstavljaju skup me\u0111usobno usagla\u0161enih projekata kojima se defini\u0161u polo\u017eaj i kapacitet objekta na loakciji, funkcionalnost sa stanovi\u0161ta tehnolo\u0161kih i drugih zahteva, prostorno oblikovanje, izbor i definicija konstruktivnog sistema kao i na\u010delni izbor gra\u0111evinskih materijala, instalacija i opreme, \u010dime se obezbe\u0111uje ispunjenost Lokacijskih uslova i dokazuje ispunjenost va\u0161ih postavljenih zahteva koji se odnose na objekat.<\/div>\n<ul class=\"list-style-one\">\n<li><\/li>\n<\/ul>\n<\/div>\n<\/div>\n<\/div>\n<\/div>\n<\/section>\n<p><!-- End About Section Three --><\/p>\n<\/div>\n<\/div>\n<\/div>\n<\/div>\n<\/section>\n<section class=\"kc-elm kc-css-328855 kc_row\">\n<div class=\"kc-row-container kc-container\">\n<div class=\"kc-wrap-columns\">\n<div class=\"kc-elm kc-css-3299800 kc_col-sm-12 kc_column kc_col-sm-12\">\n<div class=\"kc-col-container\">\n<p><!-- About Section Three --><\/p>\n<section class=\"about-section-three\">\n<div class=\"auto-container\">\n<div class=\"row clearfix\">\n<p><!-- Image Column --><\/p>\n<div class=\"image-column col-lg-6 col-md-12 col-sm-12\">\n<div class=\"inner-column wow fadeInLeft\" data-wow-delay=\"0ms\" data-wow-duration=\"1500ms\">\n<div class=\"image\"><img decoding=\"async\" src=\"https:\/\/www.bureaucube.com\/wp-content\/uploads\/2021\/12\/Bureau-Cube-detalj-11.jpg\" alt=\"Awesome Image\" \/><\/div>\n<\/div>\n<\/div>\n<p><!-- Content Column --><\/p>\n<div class=\"content-column col-lg-6 col-md-12 col-sm-12\">\n<div class=\"inner-column\">\n<p><!-- Sec Title --><\/p>\n<div class=\"sec-title\">\n<div class=\"inner-title\">\n<div class=\"title\">Bureau Cube Partners<\/div>\n<h2>Projekti Za Izvo\u0111enje (PZI)<\/h2>\n<\/div>\n<\/div>\n<div class=\"text\">BUREAU CUBE PARTNERS prati realizaciju va\u0161e investicije i za vas obezbe\u0111uje Projekte za izvo\u0111enje (PZI) koji predstavljaju skup me\u0111usobno usagla\u0161enih projekata neophodnih za izvo\u0111enje grubih gra\u0111evinskih, zavr\u0161nih zanatskih, instalaterskih i drugih radova koji uklju\u010duju celokupan postupak gra\u0111enja objekta, a kojima se utvr\u0111uju gra\u0111evinske, tehni\u010dke, tehnolo\u0161ke, organizacione, eksploatacione i ostale karakteristike objekta, opreme i instalacija kao i uslovi njihovog odr\u017eavanja.<\/div>\n<ul class=\"list-style-one\">\n<li><\/li>\n<\/ul>\n<\/div>\n<\/div>\n<\/div>\n<\/div>\n<\/section>\n<p><!-- End About Section Three --><\/p>\n<\/div>\n<\/div>\n<\/div>\n<\/div>\n<\/section>\n<section class=\"kc-elm kc-css-1239005 kc_row\">\n<div class=\"kc-row-container kc-container\">\n<div class=\"kc-wrap-columns\">\n<div class=\"kc-elm kc-css-845917 kc_col-sm-12 kc_column kc_col-sm-12\">\n<div class=\"kc-col-container\">\n<p><!-- About Section Three --><\/p>\n<section class=\"about-section-three\">\n<div class=\"auto-container\">\n<div class=\"row clearfix\">\n<p><!-- Image Column --><\/p>\n<div class=\"image-column col-lg-6 col-md-12 col-sm-12\">\n<div class=\"inner-column wow fadeInLeft\" data-wow-delay=\"0ms\" data-wow-duration=\"1500ms\">\n<div class=\"image\"><img decoding=\"async\" src=\"https:\/\/www.bureaucube.com\/wp-content\/uploads\/2021\/12\/Bureau-Cube-detalj-23.jpg\" alt=\"Awesome Image\" \/><\/div>\n<\/div>\n<\/div>\n<p><!-- Content Column --><\/p>\n<div class=\"content-column col-lg-6 col-md-12 col-sm-12\">\n<div class=\"inner-column\">\n<p><!-- Sec Title --><\/p>\n<div class=\"sec-title\">\n<div class=\"inner-title\">\n<div class=\"title\">Bureau Cube Partners<\/div>\n<h2>Projekti Izvedenog Objekta (PIO)<\/h2>\n<\/div>\n<\/div>\n<div class=\"text\">BUREAU CUBE PARTNERS u fazi okon\u010danja realizacije va\u0161e investicije obezbe\u0111uje Projekte izvedenog objekta (PIO) koji predstavljaju skup me\u0111usobno usagla\u0161enih projekata sa prikazima svih detalja izgra\u0111enog objekta, neophodnih za utvr\u0111ivanje njegove tehni\u010dke ispravnosti i podobnosti za eksploataciju i izdavanje Upotrebne dozvole.<\/div>\n<ul class=\"list-style-one\">\n<li><\/li>\n<\/ul>\n<\/div>\n<\/div>\n<\/div>\n<\/div>\n<\/section>\n<p><!-- End About Section Three --><\/p>\n<\/div>\n<\/div>\n<\/div>\n<\/div>\n<\/section>\n<p>\n<\/div><\/div><\/div><\/div><\/div><\/section>\n","protected":false},"excerpt":{"rendered":"","protected":false},"author":1,"featured_media":0,"parent":0,"menu_order":0,"comment_status":"closed","ping_status":"closed","template":"tpl-king_composer.php","meta":{"footnotes":""},"class_list":["post-6093","page","type-page","status-publish","hentry"],"_links":{"self":[{"href":"https:\/\/www.bureaucube.com\/sr\/wp-json\/wp\/v2\/pages\/6093"}],"collection":[{"href":"https:\/\/www.bureaucube.com\/sr\/wp-json\/wp\/v2\/pages"}],"about":[{"href":"https:\/\/www.bureaucube.com\/sr\/wp-json\/wp\/v2\/types\/page"}],"author":[{"embeddable":true,"href":"https:\/\/www.bureaucube.com\/sr\/wp-json\/wp\/v2\/users\/1"}],"replies":[{"embeddable":true,"href":"https:\/\/www.bureaucube.com\/sr\/wp-json\/wp\/v2\/comments?post=6093"}],"version-history":[{"count":4,"href":"https:\/\/www.bureaucube.com\/sr\/wp-json\/wp\/v2\/pages\/6093\/revisions"}],"predecessor-version":[{"id":6983,"href":"https:\/\/www.bureaucube.com\/sr\/wp-json\/wp\/v2\/pages\/6093\/revisions\/6983"}],"wp:attachment":[{"href":"https:\/\/www.bureaucube.com\/sr\/wp-json\/wp\/v2\/media?parent=6093"}],"curies":[{"name":"wp","href":"https:\/\/api.w.org\/{rel}","templated":true}]}}