{"id":6098,"date":"2024-10-30T21:11:16","date_gmt":"2024-10-30T21:11:16","guid":{"rendered":"https:\/\/www.bureaucube.com\/?page_id=6098"},"modified":"2024-10-30T21:12:52","modified_gmt":"2024-10-30T21:12:52","slug":"objedinjena-procedura-ceop","status":"publish","type":"page","link":"https:\/\/www.bureaucube.com\/sr\/objedinjena-procedura-ceop\/","title":{"rendered":"Objedinjena Procedura CEOP"},"content":{"rendered":"<section class=\"kc-elm kc-css-879445 kc_row\"><div class=\"kc-row-container  kc-container\"><div class=\"kc-wrap-columns\"><div class=\"kc-elm kc-css-537500 kc_col-sm-12 kc_column kc_col-sm-12\"><div class=\"kc-col-container\"><div class=\"kc-elm kc-css-905253 kc_text_block\"><\/p>\n<style type=\"text\/css\"><\/style>\n<section class=\"kc-elm kc-css-3350638 kc_row\">\n<div class=\"kc-row-container kc-container\">\n<div class=\"kc-wrap-columns\">\n<div class=\"kc-elm kc-css-662673 kc_col-sm-12 kc_column kc_col-sm-12\">\n<div class=\"kc-col-container\">\n<p><!-- About Section Three --><\/p>\n<section class=\"about-section-three\">\n<div class=\"auto-container\">\n<div class=\"row clearfix\">\n            <!-- Image Column --><\/p>\n<div class=\"image-column col-lg-6 col-md-12 col-sm-12\">\n<div class=\"inner-column wow fadeInLeft\" data-wow-delay=\"0ms\" data-wow-duration=\"1500ms\">\n<div class=\"image\">\n                        <img decoding=\"async\" src=\"https:\/\/www.bureaucube.com\/wp-content\/uploads\/2024\/05\/Bureau-Cube-Studio-new-logo-7.jpeg\" alt=\"Awesome Image\" \/>\n                    <\/div>\n<\/div>\n<\/div>\n<p>            <!-- Content Column --><\/p>\n<div class=\"content-column col-lg-6 col-md-12 col-sm-12\">\n<div class=\"inner-column\">\n                    <!-- Sec Title --><\/p>\n<div class=\"sec-title\">\n<div class=\"inner-title\">\n<div class=\"title\">Bureau Cube Partners<\/div>\n<h2>Informacija o lokaciji<br \/><\/h2>\n<\/div>\n<\/div>\n<div class=\"text\">\n<p>BUREAU CUBE PARTNERS za va\u0161e potrebe pribavlja Informaciju o lokaciji kao dokumentacioni planski osnov sa op\u0161tim podacima o mogu\u0107nostima i ograni\u010denjima koja se odnose na sprovo\u0111enje gra\u0111enja na izabranoj lokaciji.<\/p>\n<\/div>\n<ul class=\"list-style-one\">\n<li><\/li>\n<\/ul>\n<\/div>\n<\/div>\n<\/div>\n<\/div>\n<\/section>\n<p><!-- End About Section Three -->\n<\/div>\n<\/div>\n<\/div>\n<\/div>\n<\/section>\n<section class=\"kc-elm kc-css-2473690 kc_row\">\n<div class=\"kc-row-container kc-container\">\n<div class=\"kc-wrap-columns\">\n<div class=\"kc-elm kc-css-742754 kc_col-sm-12 kc_column kc_col-sm-12\">\n<div class=\"kc-col-container\">\n<p><!-- About Section Three --><\/p>\n<section class=\"about-section-three\">\n<div class=\"auto-container\">\n<div class=\"row clearfix\">\n            <!-- Image Column --><\/p>\n<div class=\"image-column col-lg-6 col-md-12 col-sm-12\">\n<div class=\"inner-column wow fadeInLeft\" data-wow-delay=\"0ms\" data-wow-duration=\"1500ms\">\n<div class=\"image\">\n                        <img decoding=\"async\" src=\"https:\/\/www.bureaucube.com\/wp-content\/uploads\/2021\/12\/Bureau-Cube-detalj-12.jpg\" alt=\"Awesome Image\" \/>\n                    <\/div>\n<\/div>\n<\/div>\n<p>            <!-- Content Column --><\/p>\n<div class=\"content-column col-lg-6 col-md-12 col-sm-12\">\n<div class=\"inner-column\">\n                    <!-- Sec Title --><\/p>\n<div class=\"sec-title\">\n<div class=\"inner-title\">\n<div class=\"title\">Bureau Cube Partners<\/div>\n<h2>Lokacijski uslovi<\/h2>\n<\/div>\n<\/div>\n<div class=\"text\">\n<p>BUREAU CUBE PARTNERS za va\u0161e potrebe priprema svu neophodnu dokumentaciju i pribavlja Lokacijske uslove kao javnu ispravu neophodnu u postupku objedinjene procedure za pribavljanje Gra\u0111evinske dozvole, sa sintetizovanim urbanisti\u010dkim, tehni\u010dkim i tehnolo\u0161kim planski definisanim podacima o mogu\u0107nostima i ograni\u010denjima koja se odnose na sprovo\u0111enje gra\u0111enja na izabranoj lokaciji.<\/p>\n<\/div>\n<ul class=\"list-style-one\">\n<li><\/li>\n<\/ul>\n<\/div>\n<\/div>\n<\/div>\n<\/div>\n<\/section>\n<p><!-- End About Section Three -->\n<\/div>\n<\/div>\n<\/div>\n<\/div>\n<\/section>\n<section class=\"kc-elm kc-css-4118762 kc_row\">\n<div class=\"kc-row-container kc-container\">\n<div class=\"kc-wrap-columns\">\n<div class=\"kc-elm kc-css-2251115 kc_col-sm-12 kc_column kc_col-sm-12\">\n<div class=\"kc-col-container\">\n<p><!-- About Section Three --><\/p>\n<section class=\"about-section-three\">\n<div class=\"auto-container\">\n<div class=\"row clearfix\">\n            <!-- Image Column --><\/p>\n<div class=\"image-column col-lg-6 col-md-12 col-sm-12\">\n<div class=\"inner-column wow fadeInLeft\" data-wow-delay=\"0ms\" data-wow-duration=\"1500ms\">\n<div class=\"image\">\n                        <img decoding=\"async\" src=\"https:\/\/www.bureaucube.com\/wp-content\/uploads\/2021\/12\/Bureau-Cube-detalj-16.jpg\" alt=\"Awesome Image\" \/>\n                    <\/div>\n<\/div>\n<\/div>\n<p>            <!-- Content Column --><\/p>\n<div class=\"content-column col-lg-6 col-md-12 col-sm-12\">\n<div class=\"inner-column\">\n                    <!-- Sec Title --><\/p>\n<div class=\"sec-title\">\n<div class=\"inner-title\">\n<div class=\"title\">Bureau Cube Partners<\/div>\n<h2>Gra\u0111evinska Dozvola<\/h2>\n<\/div>\n<\/div>\n<div class=\"text\">BUREAU CUBE PARTNERS u va\u0161e ime obezbe\u0111uje sve neophodne elemente investicione, tehni\u010dke i tehnolo\u0161ke dokumentacije i s tim u vezi sprovodi procese koji se odnose na pribavljanje Gra\u0111evinske dozvole kojom se obezbe\u0111uje mogu\u0107nost realizacije va\u0161e investicije na izabranoj lokaciji.\n<\/div>\n<ul class=\"list-style-one\">\n<li><\/li>\n<\/ul>\n<\/div>\n<\/div>\n<\/div>\n<\/div>\n<\/section>\n<p><!-- End About Section Three -->\n<\/div>\n<\/div>\n<\/div>\n<\/div>\n<\/section>\n<section class=\"kc-elm kc-css-875259 kc_row\">\n<div class=\"kc-row-container kc-container\">\n<div class=\"kc-wrap-columns\">\n<div class=\"kc-elm kc-css-56575 kc_col-sm-12 kc_column kc_col-sm-12\">\n<div class=\"kc-col-container\">\n<p><!-- About Section Three --><\/p>\n<section class=\"about-section-three\">\n<div class=\"auto-container\">\n<div class=\"row clearfix\">\n            <!-- Image Column --><\/p>\n<div class=\"image-column col-lg-6 col-md-12 col-sm-12\">\n<div class=\"inner-column wow fadeInLeft\" data-wow-delay=\"0ms\" data-wow-duration=\"1500ms\">\n<div class=\"image\">\n                        <img decoding=\"async\" src=\"https:\/\/www.bureaucube.com\/wp-content\/uploads\/2024\/05\/Bureau-Cube-Studio-new-logo-8.jpg\" alt=\"Awesome Image\" \/>\n                    <\/div>\n<\/div>\n<\/div>\n<p>            <!-- Content Column --><\/p>\n<div class=\"content-column col-lg-6 col-md-12 col-sm-12\">\n<div class=\"inner-column\">\n                    <!-- Sec Title --><\/p>\n<div class=\"sec-title\">\n<div class=\"inner-title\">\n<div class=\"title\">Bureau Cube Partners<\/div>\n<h2>Upotrebna Dozvola<\/h2>\n<\/div>\n<\/div>\n<div class=\"text\">BUREAU CUBE PARTNERS za va\u0161e potrebe sprovodi i realizuje kompletne usluge tehni\u010dkog pregleda i utvr\u0111ivanje tehni\u010dke ispravnosti objekta i shodno tome sprovodi procese koji se odnose na pribavljanje Upotrebne dozvole objekta, \u010dime se uspe\u0161no okon\u010dava ciklus va\u0161e investicije.<\/div>\n<ul class=\"list-style-one\">\n<li><\/li>\n<\/ul>\n<\/div>\n<\/div>\n<\/div>\n<\/div>\n<\/section>\n<p><!-- End About Section Three -->\n<\/div>\n<\/div>\n<\/div>\n<\/div>\n<\/section>\n<p>\n<\/div><\/div><\/div><\/div><\/div><\/section>\n","protected":false},"excerpt":{"rendered":"","protected":false},"author":1,"featured_media":0,"parent":0,"menu_order":0,"comment_status":"closed","ping_status":"closed","template":"tpl-king_composer.php","meta":{"footnotes":""},"class_list":["post-6098","page","type-page","status-publish","hentry"],"_links":{"self":[{"href":"https:\/\/www.bureaucube.com\/sr\/wp-json\/wp\/v2\/pages\/6098"}],"collection":[{"href":"https:\/\/www.bureaucube.com\/sr\/wp-json\/wp\/v2\/pages"}],"about":[{"href":"https:\/\/www.bureaucube.com\/sr\/wp-json\/wp\/v2\/types\/page"}],"author":[{"embeddable":true,"href":"https:\/\/www.bureaucube.com\/sr\/wp-json\/wp\/v2\/users\/1"}],"replies":[{"embeddable":true,"href":"https:\/\/www.bureaucube.com\/sr\/wp-json\/wp\/v2\/comments?post=6098"}],"version-history":[{"count":3,"href":"https:\/\/www.bureaucube.com\/sr\/wp-json\/wp\/v2\/pages\/6098\/revisions"}],"predecessor-version":[{"id":6102,"href":"https:\/\/www.bureaucube.com\/sr\/wp-json\/wp\/v2\/pages\/6098\/revisions\/6102"}],"wp:attachment":[{"href":"https:\/\/www.bureaucube.com\/sr\/wp-json\/wp\/v2\/media?parent=6098"}],"curies":[{"name":"wp","href":"https:\/\/api.w.org\/{rel}","templated":true}]}}