{"id":6103,"date":"2024-10-30T21:14:29","date_gmt":"2024-10-30T21:14:29","guid":{"rendered":"https:\/\/www.bureaucube.com\/?page_id=6103"},"modified":"2025-03-11T11:38:36","modified_gmt":"2025-03-11T11:38:36","slug":"digitalizacija","status":"publish","type":"page","link":"https:\/\/www.bureaucube.com\/sr\/digitalizacija\/","title":{"rendered":"Digitalizacija"},"content":{"rendered":"<p><section class=\"kc-elm kc-css-194973 kc_row investment\"><div class=\"kc-row-container  kc-container\"><div class=\"kc-wrap-columns\"><div class=\"kc-elm kc-css-668017 kc_col-sm-12 kc_column kc_col-sm-12\"><div class=\"kc-col-container\"><!-- About Section Three -->\r\n<section class=\"about-section-three\">\r\n    <div class=\"auto-container\">\r\n        <div class=\"row clearfix\">\r\n            <!-- Image Column -->\r\n            <div class=\"image-column col-lg-6 col-md-12 col-sm-12\">\r\n                <div class=\"inner-column wow fadeInLeft\" data-wow-delay=\"0ms\" data-wow-duration=\"1500ms\">\r\n                    <div class=\"image\">\r\n                        <img decoding=\"async\" src=\"https:\/\/www.bureaucube.com\/wp-content\/uploads\/2025\/03\/TEMPO-TOWER-web.png\" alt=\"Awesome Image\" \/>\r\n                    <\/div>\r\n                <\/div>\r\n            <\/div>\r\n            <!-- Content Column -->\r\n            <div class=\"content-column col-lg-6 col-md-12 col-sm-12\">\r\n                <div class=\"inner-column\">\r\n                    <!-- Sec Title -->\r\n                    <div class=\"sec-title\">\r\n                        <div class=\"inner-title\">\r\n                            <div class=\"title\">Bureau Cube Partners<\/div>\r\n                            <h2>O Digitalnim procesima<\/h2>\r\n                        <\/div>\r\n                    <\/div>\r\n                    <div class=\"text\">Arhitektonske prakse kao deo industrije arhitekture, in\u017eenjeringa i gra\u0111evinarstva (AEC) ve\u0107 dugo tragaju za tehnikama koje bi uticale na smanjenje tro\u0161kova projekata, pove\u0107anje produktivnosti i kvaliteta, kao i skra\u0107enje vremena isporuke projekata. Arhitektonski studio BUREAU CUBE PARTNERS kao integrativni deo digitalno transformisanog AEC sektora, insistira na upotrebi kolaborativnih metoda i informacionih tehnologija u procesima arhitektonskog projektovanja i prostornog i urbanisti\u010dkog planiranja, uz punu implementaciju prostorno i vremenski povezanih digitalnih tematskih oblasti kao \u0161to su Building Information Modeling (BIM), Digital Twin (DT) i Virtual reality (VR).\r\n<br>\r\n<br>\r\nKomplementarni eksperti u Arhitektonskom studiju BUREAU CUBE PARTNERS vam pru\u017eaju profesionalnu podr\u0161ku u postupku realizacije svih relevantnih aspekata va\u0161eg projekta, razumevaju\u0107i celovitost va\u0161e zamisli, primenom klju\u010dnih informacionih, komunikacionih i digitalnih tehnologija (ICT, DT) namenjenih za AEC sektor uklju\u010duju\u0107i AI (Artificial Intelligence), AR (Augmented Reality), VR (Virtual Reality) i IoT (Internet of Things).<\/div>\r\n                    <ul class=\"list-style-one\">\r\n                        \t\t\t\t\t\t<li><\/li>\r\n\t\t\t\t\t\t                    <\/ul>\r\n                <\/div>\r\n            <\/div>\r\n        <\/div>\r\n    <\/div>\r\n<\/section>\r\n<!-- End About Section Three -->\r\n<\/div><\/div><\/div><\/div><\/section><section class=\"kc-elm kc-css-521784 kc_row investment\"><div class=\"kc-row-container  kc-container\"><div class=\"kc-wrap-columns\"><div class=\"kc-elm kc-css-883669 kc_col-sm-12 kc_column kc_col-sm-12\"><div class=\"kc-col-container\"><!-- About Section Three -->\r\n<section class=\"about-section-three\">\r\n    <div class=\"auto-container\">\r\n        <div class=\"row clearfix\">\r\n            <!-- Image Column -->\r\n            <div class=\"image-column col-lg-6 col-md-12 col-sm-12\">\r\n                <div class=\"inner-column wow fadeInLeft\" data-wow-delay=\"0ms\" data-wow-duration=\"1500ms\">\r\n                    <div class=\"image\">\r\n                        <img decoding=\"async\" src=\"https:\/\/www.bureaucube.com\/wp-content\/uploads\/2023\/05\/BUENA-VISTA-2.44-aksonometrija.jpg\" alt=\"Awesome Image\" \/>\r\n                    <\/div>\r\n                <\/div>\r\n            <\/div>\r\n            <!-- Content Column -->\r\n            <div class=\"content-column col-lg-6 col-md-12 col-sm-12\">\r\n                <div class=\"inner-column\">\r\n                    <!-- Sec Title -->\r\n                    <div class=\"sec-title\">\r\n                        <div class=\"inner-title\">\r\n                            <div class=\"title\">Bureau Cube Partners<\/div>\r\n                            <h2>Integracija Digitalnih Platformi<\/h2>\r\n                        <\/div>\r\n                    <\/div>\r\n                    <div class=\"text\">Digitalizacija i upotreba Building Information Modeling (BIM), Digital Twin (DT) i Virtual reality (VR) tehnologija i platformi u Arhitektonskom studiju BUREAU CUBE PARTNERS transformi\u0161e na\u010din projektovanja i upravljanja objektima, postavljaju\u0107i temelje za optimizaciju resursa i pobolj\u0161anje efikasnosti. Ovaj pristup omogu\u0107ava efikasnije arhitektonsko projektovanje i prostorno i urbanisti\u010dko planiranje, preciznije izvo\u0111enje i podobnije upravljanje objektima tokom njihovog \u017eivotnog ciklusa.\r\n<br>\r\n<br>\r\nFilozofija razvoja Arhitektonskog studija BUREAU CUBE PARTNERS generisana je u stalnom preispitivanju, inoviranju, slu\u0161anju i prevo\u0111enju potrebnog u dizajn koji zadovoljava funkcionalne, estetske, oblikovne i tehnolo\u0161ke standarde, uz istovremeno izazivanje reakcija i  o\u010dekivanja.<\/div>\r\n                    <ul class=\"list-style-one\">\r\n                        \t\t\t\t\t\t<li><\/li>\r\n\t\t\t\t\t\t                    <\/ul>\r\n                <\/div>\r\n            <\/div>\r\n        <\/div>\r\n    <\/div>\r\n<\/section>\r\n<!-- End About Section Three -->\r\n<\/div><\/div><\/div><\/div><\/section><\/p>\n","protected":false},"excerpt":{"rendered":"","protected":false},"author":1,"featured_media":0,"parent":0,"menu_order":0,"comment_status":"closed","ping_status":"closed","template":"tpl-king_composer.php","meta":{"footnotes":""},"class_list":["post-6103","page","type-page","status-publish","hentry"],"_links":{"self":[{"href":"https:\/\/www.bureaucube.com\/sr\/wp-json\/wp\/v2\/pages\/6103"}],"collection":[{"href":"https:\/\/www.bureaucube.com\/sr\/wp-json\/wp\/v2\/pages"}],"about":[{"href":"https:\/\/www.bureaucube.com\/sr\/wp-json\/wp\/v2\/types\/page"}],"author":[{"embeddable":true,"href":"https:\/\/www.bureaucube.com\/sr\/wp-json\/wp\/v2\/users\/1"}],"replies":[{"embeddable":true,"href":"https:\/\/www.bureaucube.com\/sr\/wp-json\/wp\/v2\/comments?post=6103"}],"version-history":[{"count":12,"href":"https:\/\/www.bureaucube.com\/sr\/wp-json\/wp\/v2\/pages\/6103\/revisions"}],"predecessor-version":[{"id":7512,"href":"https:\/\/www.bureaucube.com\/sr\/wp-json\/wp\/v2\/pages\/6103\/revisions\/7512"}],"wp:attachment":[{"href":"https:\/\/www.bureaucube.com\/sr\/wp-json\/wp\/v2\/media?parent=6103"}],"curies":[{"name":"wp","href":"https:\/\/api.w.org\/{rel}","templated":true}]}}