{"id":6109,"date":"2024-10-30T21:21:40","date_gmt":"2024-10-30T21:21:40","guid":{"rendered":"https:\/\/www.bureaucube.com\/?page_id=6109"},"modified":"2024-11-07T13:27:40","modified_gmt":"2024-11-07T13:27:40","slug":"studio","status":"publish","type":"page","link":"https:\/\/www.bureaucube.com\/sr\/studio\/","title":{"rendered":"Studio"},"content":{"rendered":"<section class=\"kc-elm kc-css-83014 kc_row\"><div class=\"kc-row-container  kc-container\"><div class=\"kc-wrap-columns\"><div class=\"kc-elm kc-css-214817 kc_col-sm-12 kc_column kc_col-sm-12\"><div class=\"kc-col-container\"><div class=\"kc-elm kc-css-568369 kc_shortcode kc_single_image\">\n\n        <img decoding=\"async\" src=\"https:\/\/www.bureaucube.com\/wp-content\/uploads\/2021\/12\/Bureau-Cube-office-01-scaled.jpg\" class=\"\" alt=\"\" \/>    <\/div>\n<div class=\"kc-elm kc-css-751188 kc-raw-code\"><p><\/p>\r\n<div class=\"sec-title custom\">\r\n<div class=\"title\">Bureau Cube Partners<\/div>\r\n<h2>Studio<\/h2>\r\n<\/div><\/div><div class=\"kc-elm kc-css-744269 kc_text_block\"><\/p>\n<div class=\"row custom-table row-bottom\">\n<div class=\"col-lg-4 table-content b-1\"><b>Lokacija:<\/b><br \/>Humska 6, Beograd<\/div>\n<div class=\"col-lg-4 table-content b-1\"><b>Investitor poslovnog prostora:<\/b><br \/>Bureau Cube Partners<\/div>\n<div class=\"col-lg-4 table-content\"><b>Tip intervencije:<\/b><br \/>Enterijer poslovnog prostora<\/div>\n<\/div>\n<div class=\"row custom-table\">\n<div class=\"col-lg-4 table-content b-1\"><b>BRGP:<\/b><br \/>400,00 m2<\/div>\n<div class=\"col-lg-4 table-content b-1\"><b>Godina projektovanja:<\/b><br \/>2021<\/div>\n<div class=\"col-lg-4 table-content\"><b>Godina izgradnje:<\/b><br \/>2021<\/div>\n<\/div>\n<h1><\/h1>\n<h1>Fotografije<\/h1>\n<p>\n<\/div><div class=\"kc-elm kc-css-501403 kc-raw-code\"><div class=\"rl-gallery-container rl-loading\" id=\"rl-gallery-container-1\" data-gallery_id=\"3780\"> <ul class=\"rl-gallery rl-basicslider-gallery \" id=\"rl-gallery-1\" data-gallery_no=\"1\"> <li class=\"rl-gallery-item\"><a href=\"https:\/\/www.bureaucube.com\/wp-content\/uploads\/2021\/12\/Bureau-Cube-office-01-scaled.jpg\" title=\"\" data-rl_title=\"\" class=\"rl-gallery-link\" data-rl_caption=\"\" data-rel=\"lightbox-gallery-1\"><img loading=\"lazy\" decoding=\"async\" src=\"https:\/\/www.bureaucube.com\/wp-content\/uploads\/2021\/12\/Bureau-Cube-office-01-scaled.jpg\" width=\"2560\" height=\"1801\" alt=\"\"\/><\/a><\/li><li class=\"rl-gallery-item\"><a href=\"https:\/\/www.bureaucube.com\/wp-content\/uploads\/2021\/12\/Bureau-Cube-office-02-scaled.jpg\" title=\"\" data-rl_title=\"\" class=\"rl-gallery-link\" data-rl_caption=\"\" data-rel=\"lightbox-gallery-1\"><img loading=\"lazy\" decoding=\"async\" src=\"https:\/\/www.bureaucube.com\/wp-content\/uploads\/2021\/12\/Bureau-Cube-office-02-scaled.jpg\" width=\"2048\" height=\"2560\" alt=\"\"\/><\/a><\/li><li class=\"rl-gallery-item\"><a href=\"https:\/\/www.bureaucube.com\/wp-content\/uploads\/2021\/12\/Bureau-Cube-office-04-scaled.jpg\" title=\"\" data-rl_title=\"\" class=\"rl-gallery-link\" data-rl_caption=\"\" data-rel=\"lightbox-gallery-1\"><img loading=\"lazy\" decoding=\"async\" src=\"https:\/\/www.bureaucube.com\/wp-content\/uploads\/2021\/12\/Bureau-Cube-office-04-scaled.jpg\" width=\"1891\" height=\"2560\" alt=\"\"\/><\/a><\/li><li class=\"rl-gallery-item\"><a href=\"https:\/\/www.bureaucube.com\/wp-content\/uploads\/2021\/12\/Bureau-Cube-office-05-scaled.jpg\" title=\"\" data-rl_title=\"\" class=\"rl-gallery-link\" data-rl_caption=\"\" data-rel=\"lightbox-gallery-1\"><img loading=\"lazy\" decoding=\"async\" src=\"https:\/\/www.bureaucube.com\/wp-content\/uploads\/2021\/12\/Bureau-Cube-office-05-scaled.jpg\" width=\"2560\" height=\"1753\" alt=\"\"\/><\/a><\/li><li class=\"rl-gallery-item\"><a href=\"https:\/\/www.bureaucube.com\/wp-content\/uploads\/2021\/12\/Bureau-Cube-office-06-scaled.jpg\" title=\"\" data-rl_title=\"\" class=\"rl-gallery-link\" data-rl_caption=\"\" data-rel=\"lightbox-gallery-1\"><img loading=\"lazy\" decoding=\"async\" src=\"https:\/\/www.bureaucube.com\/wp-content\/uploads\/2021\/12\/Bureau-Cube-office-06-scaled.jpg\" width=\"2001\" height=\"2560\" alt=\"\"\/><\/a><\/li><li class=\"rl-gallery-item\"><a href=\"https:\/\/www.bureaucube.com\/wp-content\/uploads\/2021\/12\/Bureau-Cube-office-07-scaled.jpg\" title=\"\" data-rl_title=\"\" class=\"rl-gallery-link\" data-rl_caption=\"\" data-rel=\"lightbox-gallery-1\"><img loading=\"lazy\" decoding=\"async\" src=\"https:\/\/www.bureaucube.com\/wp-content\/uploads\/2021\/12\/Bureau-Cube-office-07-scaled.jpg\" width=\"1769\" height=\"2560\" alt=\"\"\/><\/a><\/li><li class=\"rl-gallery-item\"><a href=\"https:\/\/www.bureaucube.com\/wp-content\/uploads\/2021\/12\/Bureau-Cube-office-09-scaled.jpg\" title=\"\" data-rl_title=\"\" class=\"rl-gallery-link\" data-rl_caption=\"\" data-rel=\"lightbox-gallery-1\"><img loading=\"lazy\" decoding=\"async\" src=\"https:\/\/www.bureaucube.com\/wp-content\/uploads\/2021\/12\/Bureau-Cube-office-09-scaled.jpg\" width=\"2560\" height=\"2145\" alt=\"\"\/><\/a><\/li><li class=\"rl-gallery-item\"><a href=\"https:\/\/www.bureaucube.com\/wp-content\/uploads\/2021\/12\/Bureau-Cube-office-10-scaled.jpg\" title=\"\" data-rl_title=\"\" class=\"rl-gallery-link\" data-rl_caption=\"\" data-rel=\"lightbox-gallery-1\"><img loading=\"lazy\" decoding=\"async\" src=\"https:\/\/www.bureaucube.com\/wp-content\/uploads\/2021\/12\/Bureau-Cube-office-10-scaled.jpg\" width=\"1709\" height=\"2560\" alt=\"\"\/><\/a><\/li><li class=\"rl-gallery-item\"><a href=\"https:\/\/www.bureaucube.com\/wp-content\/uploads\/2021\/12\/Bureau-Cube-office-11-scaled.jpg\" title=\"\" data-rl_title=\"\" class=\"rl-gallery-link\" data-rl_caption=\"\" data-rel=\"lightbox-gallery-1\"><img loading=\"lazy\" decoding=\"async\" src=\"https:\/\/www.bureaucube.com\/wp-content\/uploads\/2021\/12\/Bureau-Cube-office-11-scaled.jpg\" width=\"1986\" height=\"2560\" alt=\"\"\/><\/a><\/li><li class=\"rl-gallery-item\"><a href=\"https:\/\/www.bureaucube.com\/wp-content\/uploads\/2021\/12\/Bureau-Cube-office-12-scaled.jpg\" title=\"\" data-rl_title=\"\" class=\"rl-gallery-link\" data-rl_caption=\"\" data-rel=\"lightbox-gallery-1\"><img loading=\"lazy\" decoding=\"async\" src=\"https:\/\/www.bureaucube.com\/wp-content\/uploads\/2021\/12\/Bureau-Cube-office-12-scaled.jpg\" width=\"2001\" height=\"2560\" alt=\"\"\/><\/a><\/li><li class=\"rl-gallery-item\"><a href=\"https:\/\/www.bureaucube.com\/wp-content\/uploads\/2021\/12\/Bureau-Cube-office-14-scaled.jpg\" title=\"\" data-rl_title=\"\" class=\"rl-gallery-link\" data-rl_caption=\"\" data-rel=\"lightbox-gallery-1\"><img loading=\"lazy\" decoding=\"async\" src=\"https:\/\/www.bureaucube.com\/wp-content\/uploads\/2021\/12\/Bureau-Cube-office-14-scaled.jpg\" width=\"2560\" height=\"1676\" alt=\"\"\/><\/a><\/li><li class=\"rl-gallery-item\"><a href=\"https:\/\/www.bureaucube.com\/wp-content\/uploads\/2021\/12\/Bureau-Cube-office-15-scaled.jpg\" title=\"\" data-rl_title=\"\" class=\"rl-gallery-link\" data-rl_caption=\"\" data-rel=\"lightbox-gallery-1\"><img loading=\"lazy\" decoding=\"async\" src=\"https:\/\/www.bureaucube.com\/wp-content\/uploads\/2021\/12\/Bureau-Cube-office-15-scaled.jpg\" width=\"2560\" height=\"1709\" alt=\"\"\/><\/a><\/li><li class=\"rl-gallery-item\"><a href=\"https:\/\/www.bureaucube.com\/wp-content\/uploads\/2021\/12\/Bureau-Cube-office-16-scaled.jpg\" title=\"\" data-rl_title=\"\" class=\"rl-gallery-link\" data-rl_caption=\"\" data-rel=\"lightbox-gallery-1\"><img loading=\"lazy\" decoding=\"async\" src=\"https:\/\/www.bureaucube.com\/wp-content\/uploads\/2021\/12\/Bureau-Cube-office-16-scaled.jpg\" width=\"2560\" height=\"1995\" alt=\"\"\/><\/a><\/li><li class=\"rl-gallery-item\"><a href=\"https:\/\/www.bureaucube.com\/wp-content\/uploads\/2021\/12\/Bureau-Cube-office-17-scaled.jpg\" title=\"\" data-rl_title=\"\" class=\"rl-gallery-link\" data-rl_caption=\"\" data-rel=\"lightbox-gallery-1\"><img loading=\"lazy\" decoding=\"async\" src=\"https:\/\/www.bureaucube.com\/wp-content\/uploads\/2021\/12\/Bureau-Cube-office-17-scaled.jpg\" width=\"1929\" height=\"2560\" alt=\"\"\/><\/a><\/li><li class=\"rl-gallery-item\"><a href=\"https:\/\/www.bureaucube.com\/wp-content\/uploads\/2021\/12\/Bureau-Cube-office-22-scaled.jpg\" title=\"\" data-rl_title=\"\" class=\"rl-gallery-link\" data-rl_caption=\"\" data-rel=\"lightbox-gallery-1\"><img loading=\"lazy\" decoding=\"async\" src=\"https:\/\/www.bureaucube.com\/wp-content\/uploads\/2021\/12\/Bureau-Cube-office-22-scaled.jpg\" width=\"2560\" height=\"1813\" alt=\"\"\/><\/a><\/li><li class=\"rl-gallery-item\"><a href=\"https:\/\/www.bureaucube.com\/wp-content\/uploads\/2021\/12\/Bureau-Cube-office-27-scaled.jpg\" title=\"\" data-rl_title=\"\" class=\"rl-gallery-link\" data-rl_caption=\"\" data-rel=\"lightbox-gallery-1\"><img loading=\"lazy\" decoding=\"async\" src=\"https:\/\/www.bureaucube.com\/wp-content\/uploads\/2021\/12\/Bureau-Cube-office-27-scaled.jpg\" width=\"2505\" height=\"2560\" alt=\"\"\/><\/a><\/li> <\/ul> <\/div><\/div><div class=\"kc-elm kc-css-951108 kc_text_block\"><\/p>\n<h1>Opis<\/h1>\n<p>U osnovi samog koncepta dizajna prostora u kome se nalazi BUREAU CUBE PARTNERS je kocka kako u domenu oblikovanja samog prostora tako i njegove multifunkcionalnosti, elementima dizajna, igre svetlosti i refleksije.<\/p>\n<p>Re\u010d <span style=\"color: #8e1538;\"><strong>CUBE<\/strong><\/span> u samom nazivu biroa dodatno podsti\u010de i nagla\u0161ava simboliku primenjenu i u stvaranju prostornog identiteta biroa.<\/p>\n<p>Prostor je opredeljen povr\u0161inom od oko 400 kvm i kao takav je predstavljao izazov i u projektantskom i u izvodjackom procesu realizacije \u010diji rezultat je skladna kompozicija, koja odi\u0161e lako\u0107om i prozra\u010dno\u0161\u0107u.<\/p>\n<p>Postignuta razu\u0111enost prostora rezultat je potrebe za funkcionalnim diferenciranjem segmenata uz kreiranje i afirmaciju klju\u010dnih ta\u010daka i tokova unutar prostornog okvira kao celine.<\/p>\n<p>U prostoru se jasno izdvaja nekoliko funkcionalnih celina:<\/p>\n<p>1. Ulazna zona &#8211; <span style=\"color: #8e1538;\"><strong>WELCOME ZONE<\/strong><\/span><br \/>\n2. Sala &#8211; <span style=\"color: #8e1538;\"><strong>CONFERENCE ROOM<\/strong><\/span><br \/>\n3. Pomo\u0107na zona &#8211; <strong><span style=\"color: #8e1538;\">BACK OF HOUSE<\/span><\/strong><br \/>\n4. Radionica &#8211; <span style=\"color: #8e1538;\"><strong>WORKSHOP<\/strong><\/span><br \/>\n5. Menad\u017ement &#8211; <span style=\"color: #8e1538;\"><strong>CEO<\/strong><\/span><br \/>\n6. Tehni\u010dka zona &#8211; <span style=\"color: #8e1538;\"><strong>TECHNICAL AREA<\/strong><\/span><br \/>\n7. Studio &#8211; <span style=\"color: #8e1538;\"><strong>CREATIVE ZONE<\/strong><\/span><br \/>\n8. Terasa &#8211; <span style=\"color: #8e1538;\"><strong>TERRACE<\/strong><\/span><\/p>\n<p><span data-sheets-root=\"1\" data-sheets-value=\"{\" data-sheets-userformat=\"{\">Zoniranje prostora ispra\u0107eno je i razli\u010ditom materijalizacijom i intenzivnim zelenilom \u010dime ambijent ostaje jednako prijatan za boravak i rad u njemu.<\/span><\/p>\n<p>\n<\/div><\/div><\/div><\/div><\/div><\/section>\n","protected":false},"excerpt":{"rendered":"","protected":false},"author":1,"featured_media":0,"parent":0,"menu_order":0,"comment_status":"closed","ping_status":"closed","template":"","meta":{"footnotes":""},"class_list":["post-6109","page","type-page","status-publish","hentry"],"_links":{"self":[{"href":"https:\/\/www.bureaucube.com\/sr\/wp-json\/wp\/v2\/pages\/6109"}],"collection":[{"href":"https:\/\/www.bureaucube.com\/sr\/wp-json\/wp\/v2\/pages"}],"about":[{"href":"https:\/\/www.bureaucube.com\/sr\/wp-json\/wp\/v2\/types\/page"}],"author":[{"embeddable":true,"href":"https:\/\/www.bureaucube.com\/sr\/wp-json\/wp\/v2\/users\/1"}],"replies":[{"embeddable":true,"href":"https:\/\/www.bureaucube.com\/sr\/wp-json\/wp\/v2\/comments?post=6109"}],"version-history":[{"count":7,"href":"https:\/\/www.bureaucube.com\/sr\/wp-json\/wp\/v2\/pages\/6109\/revisions"}],"predecessor-version":[{"id":6992,"href":"https:\/\/www.bureaucube.com\/sr\/wp-json\/wp\/v2\/pages\/6109\/revisions\/6992"}],"wp:attachment":[{"href":"https:\/\/www.bureaucube.com\/sr\/wp-json\/wp\/v2\/media?parent=6109"}],"curies":[{"name":"wp","href":"https:\/\/api.w.org\/{rel}","templated":true}]}}