{"id":6115,"date":"2024-10-30T21:33:13","date_gmt":"2024-10-30T21:33:13","guid":{"rendered":"https:\/\/www.bureaucube.com\/?page_id=6115"},"modified":"2024-10-31T02:06:15","modified_gmt":"2024-10-31T02:06:15","slug":"kontakt","status":"publish","type":"page","link":"https:\/\/www.bureaucube.com\/sr\/kontakt\/","title":{"rendered":"Kontakt"},"content":{"rendered":"<p><section class=\"kc-elm kc-css-4405 kc_row\"><div class=\"kc-row-container\"><div class=\"kc-wrap-columns\"><div class=\"kc-elm kc-css-681320 kc_col-sm-12 kc_column kc_col-sm-12\"><div class=\"kc-col-container\"><!-- Team Section -->\r\n<section class=\"contact-form-section\">\r\n    <div class=\"pattern-layer\" style=\"background-image:url(http:\/\/commonsupport.net\/newwp\/intenax\/wp-content\/uploads\/2019\/05\/pattern-19.png)\"><\/div>\r\n    <div class=\"auto-container\">\r\n        <!-- Title Box -->\r\n        <div class=\"sec-title centered\">\r\n            <div class=\"inner-title\">\r\n                <div class=\"big-title\">BUREAU CUBE<\/div>\r\n                <div class=\"title\">Kontakt<\/div>\r\n                <h2>Bureau Cube Partners<\/h2>\r\n            <\/div>\r\n            <div class=\"text\">Ukoliko \u017eelite da saznate vi\u0161e o nama, na\u0161em radu ili \u017eelite da ostvarimo saradnju, kontaktirajte nas. Tim na\u0161ih eksperata Vam stoji na raspolaganju!<\/div>\r\n        <\/div>\r\n        \r\n        <!-- Contact Form -->\r\n        <div class=\"contact-form\">\r\n            <!--Contact Form-->\r\n            <div id=\"contact-form\">\r\n            \t\n<div class=\"wpcf7 no-js\" id=\"wpcf7-f6350-o1\" lang=\"sr-RS\" dir=\"ltr\">\n<div class=\"screen-reader-response\"><p role=\"status\" aria-live=\"polite\" aria-atomic=\"true\"><\/p> <ul><\/ul><\/div>\n<form action=\"\/sr\/wp-json\/wp\/v2\/pages\/6115#wpcf7-f6350-o1\" method=\"post\" class=\"wpcf7-form init\" aria-label=\"Contact form\" novalidate=\"novalidate\" data-status=\"init\">\n<div style=\"display: none;\">\n<input type=\"hidden\" name=\"_wpcf7\" value=\"6350\" \/>\n<input type=\"hidden\" name=\"_wpcf7_version\" value=\"5.9.8\" \/>\n<input type=\"hidden\" name=\"_wpcf7_locale\" value=\"sr_RS\" \/>\n<input type=\"hidden\" name=\"_wpcf7_unit_tag\" value=\"wpcf7-f6350-o1\" \/>\n<input type=\"hidden\" name=\"_wpcf7_container_post\" value=\"0\" \/>\n<input type=\"hidden\" name=\"_wpcf7_posted_data_hash\" value=\"\" \/>\n<input type=\"hidden\" name=\"_wpcf7_recaptcha_response\" value=\"\" \/>\n<\/div>\n<div class=\"row clearfix\">\n\t<div class=\"form-group col-lg-6 col-md-6 col-sm-12\">\n\t\t<p><span class=\"wpcf7-form-control-wrap\" data-name=\"your-name\"><input size=\"40\" maxlength=\"400\" class=\"wpcf7-form-control wpcf7-text wpcf7-validates-as-required\" aria-required=\"true\" aria-invalid=\"false\" placeholder=\"Ime i prezime\" value=\"\" type=\"text\" name=\"your-name\" \/><\/span>\n\t\t<\/p>\n\t<\/div>\n\t<div class=\"form-group col-lg-6 col-md-6 col-sm-12\">\n\t\t<p><span class=\"wpcf7-form-control-wrap\" data-name=\"your-email\"><input size=\"40\" maxlength=\"400\" class=\"wpcf7-form-control wpcf7-email wpcf7-validates-as-required wpcf7-text wpcf7-validates-as-email\" aria-required=\"true\" aria-invalid=\"false\" placeholder=\"E-mail\" value=\"\" type=\"email\" name=\"your-email\" \/><\/span>\n\t\t<\/p>\n\t<\/div>\n\t<div class=\"form-group col-lg-6 col-md-6 col-sm-12\">\n\t\t<p><span class=\"wpcf7-form-control-wrap\" data-name=\"your-subject\"><input size=\"40\" maxlength=\"400\" class=\"wpcf7-form-control wpcf7-text\" aria-invalid=\"false\" placeholder=\"Tema\" value=\"\" type=\"text\" name=\"your-subject\" \/><\/span>\n\t\t<\/p>\n\t<\/div>\n\t<div class=\"form-group col-lg-6 col-md-6 col-sm-12\">\n\t\t<p><span class=\"wpcf7-form-control-wrap\" data-name=\"your-phone\"><input size=\"40\" maxlength=\"400\" class=\"wpcf7-form-control wpcf7-text\" aria-invalid=\"false\" placeholder=\"Telefon\" value=\"\" type=\"text\" name=\"your-phone\" \/><\/span>\n\t\t<\/p>\n\t<\/div>\n\t<div class=\"form-group col-lg-12 col-md-12 col-sm-12\">\n\t\t<p><span class=\"wpcf7-form-control-wrap\" data-name=\"your-message\"><textarea cols=\"40\" rows=\"10\" maxlength=\"2000\" class=\"wpcf7-form-control wpcf7-textarea\" aria-invalid=\"false\" placeholder=\"Poruka\" name=\"your-message\"><\/textarea><\/span>\n\t\t<\/p>\n\t<\/div>\n\t<div class=\"form-group text-center col-lg-12 col-md-12 col-sm-12\">\n\t\t<p><input class=\"wpcf7-form-control wpcf7-submit has-spinner theme-btn btn-style-one\" type=\"submit\" value=\"Po\u0161alji\" \/>\n\t\t<\/p>\n\t<\/div>\n<\/div>\n<p style=\"display: none !important;\" class=\"akismet-fields-container\" data-prefix=\"_wpcf7_ak_\"><label>&#916;<textarea name=\"_wpcf7_ak_hp_textarea\" cols=\"45\" rows=\"8\" maxlength=\"100\"><\/textarea><\/label><input type=\"hidden\" id=\"ak_js_1\" name=\"_wpcf7_ak_js\" value=\"27\"\/><script>document.getElementById( \"ak_js_1\" ).setAttribute( \"value\", ( new Date() ).getTime() );<\/script><\/p><div class=\"wpcf7-response-output\" aria-hidden=\"true\"><\/div>\n<\/form>\n<\/div>\n            <\/div>\r\n        <\/div>\r\n    <\/div>\r\n<\/section>\r\n<!-- End Contact Form Section -->\r\n<\/div><\/div><\/div><\/div><\/section><section class=\"kc-elm kc-css-715158 kc_row\"><div class=\"kc-row-container\"><div class=\"kc-wrap-columns\"><div class=\"kc-elm kc-css-338131 kc_col-sm-6 kc_column kc_col-sm-6\"><div class=\"kc-col-container\"><div class=\"kc-elm kc-css-540001 kc_google_maps kc_shortcode\"><div style=\"height: 500px\" class=\"kc-google-maps\"><iframe loading=\"lazy\" src=\"https:\/\/www.google.com\/maps\/embed?pb=!1m18!1m12!1m3!1d2831.5860408201274!2d20.460279151810603!3d44.7892440789961!2m3!1f0!2f0!3f0!3m2!1i1024!2i768!4f13.1!3m3!1m2!1s0x475a7014a35f7d6f%3A0x24201cd12f37646a!2z0KXRg9C80YHQutCwIDYsINCR0LXQvtCz0YDQsNC0!5e0!3m2!1ssr!2srs!4v1620198389639!5m2!1ssr!2srs\" width=\"100%\" height=\"500\" frameborder=\"0\" style=\"border:0;\" allowfullscreen=\"\"><\/iframe><\/div><\/div><\/div><\/div><div class=\"kc-elm kc-css-548434 kc_col-sm-6 kc_column kc_col-sm-6\"><div class=\"kc-col-container\"><!-- Contact Info Section -->\r\n<section class=\"contact-info-section\">\r\n    <div class=\"auto-container\">\r\n        <div class=\"row clearfix\">\r\n                        <div class=\"column col-lg-6 col-md-12 col-sm-12\">\r\n                <!-- Sec Title -->\r\n                <div class=\"sec-title style-three\">\r\n                    <div class=\"inner-title\">\r\n                        <h2>Projektni Biro<\/h2>\r\n                        <div class=\"text\"><\/div>\r\n                    <\/div>\r\n                <\/div>\r\n                <ul class=\"list-style-two\">\r\n                    <li><span class=\"icon icon-pin\"><\/span> <i>Adresa: <\/i>Ul. Humska, br.6,<br>\r\nSavski venac,<br>\r\n11000 Beograd<\/li>\r\n                                        <li><span class=\"icon icon-call-in\"><\/span> <i>Telefon: <\/i><a href=\"tel:+381116689060\"> +381 11 668 90 60<\/a><a href=\"tel:+381116689061\">+381 11 668 90 61<\/a><\/li>\r\n                    <li><span class=\"icon icon-envelope\"><\/span> <i>Email: <\/i><a href=\"mailto:http:\/\/office@bureaucube.com\">office@bureaucube.com<\/a><\/li>\r\n                <\/ul>\r\n            <\/div>\r\n                    <\/div>\r\n        \r\n        <!-- Social Box -->\r\n        <div class=\"social-box\">\r\n                        <a href=\"https:\/\/www.instagram.com\/bureau_cube\/\" title=\"Instagram\"><span class=\"fa fab-instagram\"><\/span><\/a>\r\n                    <\/div>\r\n    <\/div>\r\n<\/section>\r\n<!-- End Contact Info Section -->\r\n<\/div><\/div><\/div><\/div><\/section><\/p>\n","protected":false},"excerpt":{"rendered":"","protected":false},"author":1,"featured_media":0,"parent":0,"menu_order":0,"comment_status":"closed","ping_status":"closed","template":"tpl-king_composer.php","meta":{"footnotes":""},"class_list":["post-6115","page","type-page","status-publish","hentry"],"_links":{"self":[{"href":"https:\/\/www.bureaucube.com\/sr\/wp-json\/wp\/v2\/pages\/6115"}],"collection":[{"href":"https:\/\/www.bureaucube.com\/sr\/wp-json\/wp\/v2\/pages"}],"about":[{"href":"https:\/\/www.bureaucube.com\/sr\/wp-json\/wp\/v2\/types\/page"}],"author":[{"embeddable":true,"href":"https:\/\/www.bureaucube.com\/sr\/wp-json\/wp\/v2\/users\/1"}],"replies":[{"embeddable":true,"href":"https:\/\/www.bureaucube.com\/sr\/wp-json\/wp\/v2\/comments?post=6115"}],"version-history":[{"count":3,"href":"https:\/\/www.bureaucube.com\/sr\/wp-json\/wp\/v2\/pages\/6115\/revisions"}],"predecessor-version":[{"id":6118,"href":"https:\/\/www.bureaucube.com\/sr\/wp-json\/wp\/v2\/pages\/6115\/revisions\/6118"}],"wp:attachment":[{"href":"https:\/\/www.bureaucube.com\/sr\/wp-json\/wp\/v2\/media?parent=6115"}],"curies":[{"name":"wp","href":"https:\/\/api.w.org\/{rel}","templated":true}]}}