{"id":6127,"date":"2024-10-30T21:49:36","date_gmt":"2024-10-30T21:49:36","guid":{"rendered":"https:\/\/www.bureaucube.com\/?page_id=6127"},"modified":"2024-10-30T21:54:50","modified_gmt":"2024-10-30T21:54:50","slug":"strucni-nadzor-i-upravljanje-projektima","status":"publish","type":"page","link":"https:\/\/www.bureaucube.com\/sr\/reference\/strucni-nadzor-i-upravljanje-projektima\/","title":{"rendered":"Stru\u010dni nadzor i upravljanje projektima"},"content":{"rendered":"<section class=\"kc-elm kc-css-457911 kc_row\"><div class=\"kc-row-container  kc-container\"><div class=\"kc-wrap-columns\"><div class=\"kc-elm kc-css-196923 kc_col-sm-12 kc_column kc_col-sm-12\"><div class=\"kc-col-container\"><div class=\"kc-elm kc-css-491946 kc_text_block\"><\/p>\n<style type=\"text\/css\"><\/style>\n<section class=\"kc-elm kc-css-792700 kc_row\">\n<div class=\"kc-row-container kc-container\">\n<div class=\"kc-wrap-columns\">\n<div class=\"kc-elm kc-css-677577 kc_col-sm-12 kc_column kc_col-sm-12\">\n<div class=\"kc-col-container\">\n<div class=\"kc-elm kc-css-933265 kc-raw-code\">\n<div class=\"sec-title custom\">\n<div class=\"title\">Bureau Cube Partners<\/div>\n<h2>Stru\u010dni nadzor i upravljanje projektima<\/h2>\n<\/div>\n<\/div>\n<div class=\"kc-elm kc-css-408029 kc_text_block\">\n<div class=\"prostorno\"><span data-sheets-root=\"1\" data-sheets-value=\"{\" data-sheets-userformat=\"{\">Stru\u010dni nadzor na rekonstrukciji i dogradnji objekta FAKULTETA ORGANIZACIONIH NAUKA u Ul. Jove Ili\u0107a br. 154, Vo\u017edovac, Beograd, Srbija<\/span><\/div>\n<div>\n<hr \/>\n<\/div>\n<div class=\"prostorno\"><span data-sheets-root=\"1\" data-sheets-value=\"{\" data-sheets-userformat=\"{\">Stru\u010dni nadzor na izgradnji novog i rekonstrukciji postoje\u0107eg objekta u okviru kompleksa Instituta za kardiovaskularne bolesti DEDINJE u Ul. Heroja Milana Tepi\u0107a br. 1, Savski venac, Beograd, Srbija<\/span><\/div>\n<div>\n<hr \/>\n<\/div>\n<div class=\"prostorno\"><span data-sheets-root=\"1\" data-sheets-value=\"{\" data-sheets-userformat=\"{\"Stru\u010dni nadzor na izgradnji novog objekta nau\u010dno-istra\u017eiva\u010dkog instituta BIOSENS u Ul. dr Zorana \u0110in\u0111i\u0107a bb, Novi Sad, Srbija<\/span><\/div>\n<div>\n<hr \/>\n<\/div>\n<div class=\"prostorno\"><span data-sheets-root=\"1\" data-sheets-value=\"{\" data-sheets-userformat=\"{\">Stru\u010dni nadzor na izgradnji Doma u\u010denika poljoprivredne \u0161kole sa domom u\u010denika PK BEOGRAD u Ul. Pan\u010deva\u010dki put br. 39, Krnja\u010da, Palilula, Beograd, Srbija<\/span><\/div>\n<div>\n<hr \/>\n<\/div>\n<div class=\"prostorno\"><span data-sheets-root=\"1\" data-sheets-value=\"{\" data-sheets-userformat=\"{\">Stru\u010dni nadzor na izgradnji poslovnog kompleksa ZMAJ u Ul. Zmajeva br. 12v i 12g, Zemun, Beograd, Srbija<\/span><\/div>\n<div>\n<hr \/>\n<\/div>\n<div class=\"prostorno\"><span data-sheets-root=\"1\" data-sheets-value=\"{\" data-sheets-userformat=\"{\">Stru\u010dni nadzor na izgradnji stambeno-poslovnog objekta u Ul. Prote Mateje br. 41, Vra\u010dar, Beograd, Srbija<\/span><\/div>\n<div>\n<hr \/>\n<\/div>\n<div class=\"prostorno\"><span data-sheets-root=\"1\" data-sheets-value=\"{\" data-sheets-userformat=\"{\">Projektantski nadzor na izgradnji stambeno-poslovnog kompleksa KALEMEGDAN PARK u delu bloka koji formiraju ulice Pjarona De Mondezira, Cincar Jankova i Ul. Cara Uro\u0161a, Stari grad, Beograd, Srbija<\/span><\/div>\n<div>\n<hr \/>\n<\/div>\n<div class=\"prostorno\"><span data-sheets-root=\"1\" data-sheets-value=\"{\" data-sheets-userformat=\"{\">Stru\u010dni nadzor ispred UNDP-a i upravljanje projektom rekonstrukcije nacionalne akademije za javnu upravu NAPA, Beograd, Srbija<\/span><\/div>\n<div>\n<hr \/>\n<\/div>\n<div class=\"prostorno\"><span data-sheets-root=\"1\" data-sheets-value=\"{\" data-sheets-userformat=\"{\">Stru\u010dni nadzor i upravljanje projektima rekonstrukcije i izgradnje vi\u0161e razli\u010ditih tipova objekata na teritoriji Grada Beograda i Republike Srbije<\/span><\/div>\n<div>\n<hr \/>\n<\/div>\n<div class=\"prostorno\"><span data-sheets-root=\"1\" data-sheets-value=\"{\" data-sheets-userformat=\"{\">Stru\u010dni nadzor ispred EBRD-a i upravljanje projektom rekonstrukcije 70 antenskih stubova i emisionih objekata JP ETV, Srbija<\/span><\/div>\n<div>\n<hr \/>\n<\/div>\n<div class=\"prostorno\"><span data-sheets-root=\"1\" data-sheets-value=\"{\" data-sheets-userformat=\"{\">Stru\u010dni nadzor i upravljanje projektom izgradnje distributivno-logisti\u010dkog kompleksa EYEMAXX BETA, Novi Banovci, Srbija<\/span><\/div>\n<div>\n<hr \/>\n<\/div>\n<div class=\"prostorno\"><span data-sheets-root=\"1\" data-sheets-value=\"{\" data-sheets-userformat=\"{\">Stru\u010dni nadzor i upravljanje projektom izgradnje distributivno-logisti\u010dkog kompleksa EYEMAXX ALPHA, Novi Banovci, Srbija<\/span><\/div>\n<div>\n<hr \/>\n<\/div>\n<div class=\"prostorno\"><span data-sheets-root=\"1\" data-sheets-value=\"{\" data-sheets-userformat=\"{\">Stru\u010dni nadzor i upravljanje projektom izgradnje industrijskog objekta VI OKTOBAR, Pan\u010devo, Srbija<\/span><\/div>\n<div>\n<hr \/>\n<\/div>\n<div class=\"prostorno\"><span data-sheets-root=\"1\" data-sheets-value=\"{\" data-sheets-userformat=\"{\">Stru\u010dni nadzor ispred EBRD-a i upravljanje projektom izgradnje 2 antenska stuba sa emisionim objektima JP ETV, Sombor i Kikinda, Srbija<\/span><\/div>\n<div>\n<hr \/>\n<\/div>\n<\/div>\n<\/div>\n<\/div>\n<\/div>\n<\/div>\n<\/section>\n<section class=\"kc-elm kc-css-736256 kc_row\">\n<div class=\"kc-row-container kc-container\">\n<div class=\"kc-wrap-columns\">\n<div class=\"kc-elm kc-css-62078 kc_col-sm-12 kc_column kc_col-sm-12\">\n<div class=\"kc-col-container\">\n<div class=\"kc-elm kc-css-487086\" style=\"height: 50px; clear: both; width: 100%;\"><\/div>\n<div class=\"kc-elm kc-css-449987 kc-raw-code\">\n<div class=\"sec-title custom\">\n<div class=\"title\">Bureau Cube Partners<\/div>\n<h2>Stru\u010dni i projektantski nadzor<\/h2>\n<\/div>\n<\/div>\n<div class=\"kc-elm kc-css-433417 kc_text_block\">\n<div class=\"prostorno\"><span data-sheets-root=\"1\" data-sheets-value=\"{\" data-sheets-userformat=\"{\">Stru\u010dni nadzor na rekonstrukciji OBJEKTA NACIONALNE AKADEMIJE ZA JAVNU UPRAVU \u2013 NAPA u Ul. Vojvode Stepe, Beograd, Srbija<\/span><\/div>\n<div>\n<hr \/>\n<\/div>\n<div class=\"prostorno\"><span data-sheets-root=\"1\" data-sheets-value=\"{\" data-sheets-userformat=\"{\">Stru\u010dni i projektantski nadzor na izgradnji hotelskog kompleksa RUBIN DHS u Ul. Nemanjinoj, Kru\u0161evac, Srbija<\/span><\/div>\n<div>\n<hr \/>\n<\/div>\n<div class=\"prostorno\"><span data-sheets-root=\"1\" data-sheets-value=\"{\" data-sheets-userformat=\"{\">Stru\u010dni i projektantski nadzor na izgradnji stambenog objekta u Ul. Prote Mateje, Vra\u010dar, Beograd, Srbija<br \/>\n<\/span><\/div>\n<div>\n<hr \/>\n<\/div>\n<div class=\"prostorno\"><span data-sheets-root=\"1\" data-sheets-value=\"{\" data-sheets-userformat=\"{\">Stru\u010dni i projektantski nadzor tokom rekonstrukcije i izgradnje vi\u0161e razli\u010ditih tipova objekata na teritoriji Grada Beograda<br \/>\n<\/span><\/div>\n<div>\n<hr \/>\n<\/div>\n<div class=\"prostorno\"><span data-sheets-root=\"1\" data-sheets-value=\"{\" data-sheets-userformat=\"{\">Stru\u010dni nadzor na rekonstrukciji \u0160KOLA I SPORTSKIH OBJEKATA na teritoriji GO Zvezdara<br \/>\n<\/span><\/div>\n<div>\n<hr \/>\n<\/div>\n<div class=\"prostorno\"><span data-sheets-root=\"1\" data-sheets-value=\"{\" data-sheets-userformat=\"{\">Stru\u010dni nadzor na rekonstrukciji OBJEKTA UPRAVE, GO Zvezdara<br \/>\n<\/span><\/div>\n<div>\n<hr \/>\n<\/div>\n<div class=\"prostorno\"><span data-sheets-root=\"1\" data-sheets-value=\"{\" data-sheets-userformat=\"{\">Stru\u010dni i projektantski nadzor tokom izgradnje distributivnog centra SIMPO, Vr\u010din, Beograd<br \/>\n<\/span><\/div>\n<div>\n<hr \/>\n<\/div>\n<div class=\"prostorno\"><span data-sheets-root=\"1\" data-sheets-value=\"{\" data-sheets-userformat=\"{\">Stru\u010dni nadzor ispred EBRD-a tokom izgradnje 18 antenskih stubova i emisionih objekata JP ETV, Srbija<br \/>\n<\/span><\/div>\n<div>\n<hr \/>\n<\/div>\n<\/div>\n<\/div>\n<\/div>\n<\/div>\n<\/div>\n<\/section>\n<p>\n<\/div><\/div><\/div><\/div><\/div><\/section>\n","protected":false},"excerpt":{"rendered":"","protected":false},"author":1,"featured_media":0,"parent":6145,"menu_order":0,"comment_status":"closed","ping_status":"closed","template":"","meta":{"footnotes":""},"class_list":["post-6127","page","type-page","status-publish","hentry"],"_links":{"self":[{"href":"https:\/\/www.bureaucube.com\/sr\/wp-json\/wp\/v2\/pages\/6127"}],"collection":[{"href":"https:\/\/www.bureaucube.com\/sr\/wp-json\/wp\/v2\/pages"}],"about":[{"href":"https:\/\/www.bureaucube.com\/sr\/wp-json\/wp\/v2\/types\/page"}],"author":[{"embeddable":true,"href":"https:\/\/www.bureaucube.com\/sr\/wp-json\/wp\/v2\/users\/1"}],"replies":[{"embeddable":true,"href":"https:\/\/www.bureaucube.com\/sr\/wp-json\/wp\/v2\/comments?post=6127"}],"version-history":[{"count":3,"href":"https:\/\/www.bureaucube.com\/sr\/wp-json\/wp\/v2\/pages\/6127\/revisions"}],"predecessor-version":[{"id":6133,"href":"https:\/\/www.bureaucube.com\/sr\/wp-json\/wp\/v2\/pages\/6127\/revisions\/6133"}],"up":[{"embeddable":true,"href":"https:\/\/www.bureaucube.com\/sr\/wp-json\/wp\/v2\/pages\/6145"}],"wp:attachment":[{"href":"https:\/\/www.bureaucube.com\/sr\/wp-json\/wp\/v2\/media?parent=6127"}],"curies":[{"name":"wp","href":"https:\/\/api.w.org\/{rel}","templated":true}]}}