{"id":6141,"date":"2024-10-30T22:09:35","date_gmt":"2024-10-30T22:09:35","guid":{"rendered":"https:\/\/www.bureaucube.com\/?page_id=6141"},"modified":"2026-03-06T13:58:16","modified_gmt":"2026-03-06T13:58:16","slug":"prostorna-i-urbanisticka-planska-dokumentacija","status":"publish","type":"page","link":"https:\/\/www.bureaucube.com\/sr\/reference\/prostorna-i-urbanisticka-planska-dokumentacija\/","title":{"rendered":"Prostorna i urbanisti\u010dka planska dokumentacija"},"content":{"rendered":"<section class=\"kc-elm kc-css-658005 kc_row\"><div class=\"kc-row-container  kc-container\"><div class=\"kc-wrap-columns\"><div class=\"kc-elm kc-css-977186 kc_col-sm-12 kc_column kc_col-sm-12\"><div class=\"kc-col-container\"><div class=\"kc-elm kc-css-145952 kc_text_block\"><\/p>\n<p><style type=\"text\/css\"><\/style>\n<\/p>\n<section class=\"kc-elm kc-css-4035017 kc_row\">\n<div class=\"kc-row-container kc-container\">\n<div class=\"kc-wrap-columns\">\n<div class=\"kc-elm kc-css-2200481 kc_col-sm-12 kc_column kc_col-sm-12\">\n<div class=\"kc-col-container\">\n<div class=\"kc-elm kc-css-4294833 kc-raw-code\">\n<div class=\"sec-title custom\">\n<div class=\"title\">Bureau Cube Partners<\/div>\n<h2>Planovi detaljne regulacije<\/h2>\n<\/div>\n<\/div>\n<div class=\"kc-elm kc-css-3317398 kc_text_block\">\n<p><span data-sheets-root=\"1\" data-sheets-value=\"{\" data-sheets-userformat=\"{\">Izmena i dopuna Plana detaljne regulacije (PDR) za deo teritorije gradske op\u0161tine Rakovica uz Ulicu kneza Vi\u0161eslava, za blokove 2, 5 i 7, GO Rakovica, Grad Beograd<\/span><\/p>\n<hr \/>\n<p><span data-sheets-root=\"1\" data-sheets-value=\"{\" data-sheets-userformat=\"{\">Plan detaljne regulacije (PDR) bloka izme\u0111u ulica Mihaila Avramovi\u0107a i Joce Jovanovi\u0107a, GO Savski venac, Grad Beograd<\/span><\/p>\n<hr \/>\n<p><span data-sheets-root=\"1\" data-sheets-value=\"{\" data-sheets-userformat=\"{\">Plan detaljne regulacije (PDR) za blok izme\u0111u ulica Serdar Jola, Jevrema Gruji\u0107a, Generala Save Gruji\u0107a i Diplomatske kolonije, GO Savski venac, Grad Beograd<\/span><\/p>\n<hr \/>\n<p><span data-sheets-root=\"1\" data-sheets-value=\"{\" data-sheets-userformat=\"{\">Plan detaljne regulacije (PDR) bloka 11 i dela bloka 10, GO Zemun i GO Novi Beograd, Grad Beograd<\/span><\/p>\n<hr \/>\n<p><span data-sheets-root=\"1\" data-sheets-value=\"{\" data-sheets-userformat=\"{\">Izmena i dopuna Plana detaljne regulacije (PDR) za podru\u010dje privredne zone \u201eAuto-put\u201c u Novom Beogradu, Zemunu i Sur\u010dinu za kompleks \u201dZmaj\u201d, GO Zemun, Grad Beograd<\/span><\/p>\n<hr \/>\n<p><span data-sheets-root=\"1\" data-sheets-value=\"{\" data-sheets-userformat=\"{\">Plan detaljne regulacije (PDR) bloka izme\u0111u ulica: Skadarske, Petra Ko\u010di\u0107a, \u017darka Miladinovi\u0107a i To\u0161inog Bunara, GO Zemun, Grad Beograd<\/span><\/p>\n<hr \/>\n<p><span data-sheets-root=\"1\" data-sheets-value=\"{\" data-sheets-userformat=\"{\">Plan detaljne regulacije (PDR) za blokove izme\u0111u ulica: Teodora Drajzera, Cara Iraklija, Vajara \u0110oke Jovanovi\u0107a, Tolstojeve i Bulevara kneza Aleksandra Kara\u0111or\u0111evi\u0107a, GO Savski venac, Grad Beograd<\/span><\/p>\n<hr \/>\n<p><span data-sheets-root=\"1\" data-sheets-value=\"{\" data-sheets-userformat=\"{\">Izmene i dopune Plana detaljne regulacije (PDR) podru\u010dja izme\u0111u Bulevara Arsenija \u010carnojevi\u0107a, kompleksa Studentskog sportskog centra i ulica Blagoja Marjanovi\u0107a Mo\u0161e i Partizanske avijacije, GO Novi Beograd, Grad Beograd<\/span><\/p>\n<hr \/>\n<p><span data-sheets-root=\"1\" data-sheets-value=\"{\" data-sheets-userformat=\"{\">Izmene i dopune dela Plana detaljne regulacije (PDR) Suvo Rudi\u0161te na Kopaoniku<\/span><\/p>\n<hr \/>\n<p><span data-sheets-root=\"1\" data-sheets-value=\"{\" data-sheets-userformat=\"{\">Plan detaljne regulacije (PDR) kompleksa WEST 65, GO Novi Beograd, Grad Beograd<\/span><\/p>\n<hr \/>\n<p><span data-sheets-root=\"1\" data-sheets-value=\"{\" data-sheets-userformat=\"{\">Plan detaljne regulacije (PDR) izme\u0111u ulica Miloja \u0110aka, Mihajla Avramovi\u0107a i Omladinske, GO Savski venac, Grad Beograd<br \/><\/span><\/p>\n<hr \/>\n<p><span data-sheets-root=\"1\" data-sheets-value=\"{\" data-sheets-userformat=\"{\">Plan detaljne regulacije (PDR) bloka izme\u0111u ulica Koste Glavini\u0107a, Ruske, nadvo\u017enjaka \u017eelezni\u010dke pruge I Bulevara vojvode Mi\u0161i\u0107a, GO Savski venac, Grad Beograd<br \/><\/span><\/p>\n<hr \/>\n<p><span data-sheets-root=\"1\" data-sheets-value=\"{\" data-sheets-userformat=\"{\">Plan detaljne regulacije (PDR) kompleksa CENTRAL GARDEN i blokova izme\u0111u ulica Knez Danilove, Vladetine, Dalmatinske i Stanoja Glava\u0161a, GO Palilula, Grad Beograd<\/span><\/p>\n<hr \/>\n<p><span data-sheets-root=\"1\" data-sheets-value=\"{\" data-sheets-userformat=\"{\">Plan detaljne regulacije (PDR) kompleksa VO\u017dDOVE KAPIJE u bloku izme\u0111u ulica Vojvode Stepe, Otokara Ker\u0161ovanija, Bile\u0107ke i Generala Ra\u0161i\u0107a, GO Vo\u017edovac, Grad Beograd<\/span><\/p>\n<hr \/>\n<p><span data-sheets-root=\"1\" data-sheets-value=\"{\" data-sheets-userformat=\"{\">Plan detaljne regulacije (PDR) kompleksa AIRPORT CITY i WELLPORT u delu bloka 65, GO Novi Beograd, Grad Beograd<\/span><\/p>\n<hr \/>\n<p><span data-sheets-root=\"1\" data-sheets-value=\"{\" data-sheets-userformat=\"{\">Plan detaljne regulacije (PDR) kompleksa NTP i podru\u010dja izme\u0111u Ul. Pan\u010dine, Svetog Nikole, Trnavske i isto\u010dne granice KP 2277\/1 KO Zvezdara i Ul. Veljka Dugo\u0161evi\u0107a, GO Zvezdara, Grad Beograd<\/span><\/p>\n<hr \/>\n<p><span data-sheets-root=\"1\" data-sheets-value=\"{\" data-sheets-userformat=\"{\">Plan detaljne regulacije (PDR) bloka izme\u0111u Ul. Beogradske, Krunske, Prote Mateje i Njego\u0161eve, GO Vra\u010dar, Grad Beograd<\/span><\/p>\n<hr \/>\n<p><span data-sheets-root=\"1\" data-sheets-value=\"{\" data-sheets-userformat=\"{\">Plan detaljne regulacije (PDR) kompleksa SKYLINE u bloku izme\u0111u Ul. Kneza Milo\u0161a, Drinske, Sarajevske i Durmitorske, GO Savski venac, Grad Beograd<\/span><\/p>\n<hr \/>\n<\/div>\n<\/div>\n<\/div>\n<\/div>\n<\/div>\n<\/section>\n<p>\n<\/div><\/div><\/div><\/div><\/div><\/section>\n","protected":false},"excerpt":{"rendered":"","protected":false},"author":1,"featured_media":0,"parent":6145,"menu_order":0,"comment_status":"closed","ping_status":"closed","template":"","meta":{"footnotes":""},"class_list":["post-6141","page","type-page","status-publish","hentry"],"_links":{"self":[{"href":"https:\/\/www.bureaucube.com\/sr\/wp-json\/wp\/v2\/pages\/6141"}],"collection":[{"href":"https:\/\/www.bureaucube.com\/sr\/wp-json\/wp\/v2\/pages"}],"about":[{"href":"https:\/\/www.bureaucube.com\/sr\/wp-json\/wp\/v2\/types\/page"}],"author":[{"embeddable":true,"href":"https:\/\/www.bureaucube.com\/sr\/wp-json\/wp\/v2\/users\/1"}],"replies":[{"embeddable":true,"href":"https:\/\/www.bureaucube.com\/sr\/wp-json\/wp\/v2\/comments?post=6141"}],"version-history":[{"count":5,"href":"https:\/\/www.bureaucube.com\/sr\/wp-json\/wp\/v2\/pages\/6141\/revisions"}],"predecessor-version":[{"id":8113,"href":"https:\/\/www.bureaucube.com\/sr\/wp-json\/wp\/v2\/pages\/6141\/revisions\/8113"}],"up":[{"embeddable":true,"href":"https:\/\/www.bureaucube.com\/sr\/wp-json\/wp\/v2\/pages\/6145"}],"wp:attachment":[{"href":"https:\/\/www.bureaucube.com\/sr\/wp-json\/wp\/v2\/media?parent=6141"}],"curies":[{"name":"wp","href":"https:\/\/api.w.org\/{rel}","templated":true}]}}