{"id":6247,"date":"2024-10-31T01:17:58","date_gmt":"2024-10-31T01:17:58","guid":{"rendered":"https:\/\/www.bureaucube.com\/?page_id=6247"},"modified":"2025-03-10T10:16:00","modified_gmt":"2025-03-10T10:16:00","slug":"usluge","status":"publish","type":"page","link":"https:\/\/www.bureaucube.com\/sr\/usluge\/","title":{"rendered":"Usluge"},"content":{"rendered":"<p><section class=\"kc-elm kc-css-420512 kc_row\"><div class=\"kc-row-container  kc-container\"><div class=\"kc-wrap-columns\"><div class=\"kc-elm kc-css-307165 kc_col-sm-12 kc_column kc_col-sm-12\"><div class=\"kc-col-container\"><!-- About Section Three -->\r\n<section class=\"about-section-three\">\r\n    <div class=\"auto-container\">\r\n        <div class=\"row clearfix\">\r\n            <!-- Image Column -->\r\n            <div class=\"image-column col-lg-6 col-md-12 col-sm-12\">\r\n                <div class=\"inner-column wow fadeInLeft\" data-wow-delay=\"0ms\" data-wow-duration=\"1500ms\">\r\n                    <div class=\"image\">\r\n                        <img decoding=\"async\" src=\"https:\/\/www.bureaucube.com\/wp-content\/uploads\/2021\/12\/Bureau-Cube-detalj-14.jpg\" alt=\"Awesome Image\" \/>\r\n                    <\/div>\r\n                <\/div>\r\n            <\/div>\r\n            <!-- Content Column -->\r\n            <div class=\"content-column col-lg-6 col-md-12 col-sm-12\">\r\n                <div class=\"inner-column\">\r\n                    <!-- Sec Title -->\r\n                    <div class=\"sec-title\">\r\n                        <div class=\"inner-title\">\r\n                            <div class=\"title\">Bureau Cube Partners<\/div>\r\n                            <h2>Ekspertske usluge<\/h2>\r\n                        <\/div>\r\n                    <\/div>\r\n                    <div class=\"text\">Arhitektonski studio BUREAU CUBE PARTNERS pru\u017ea kompletne usluge tokom \u010ditavog procesa izgradnje objekata, po\u010dev od postupka izbora i pribavljanja lokacija, preko izrade analiza isplativosti investicija, pripreme i izrade kompletne investiciono-tehni\u010dke dokumentacije sa arhitektonskim i svim ostalim tipovima in\u017eenjerskog projektovanja, do sprovo\u0111enja stru\u010dnog i projektantskog nadzora tokom gra\u0111enja objekata i obezbe\u0111ivanja uslova za po\u010detak njihove eksploatacije.\r\n<br>\r\n<br>\r\nU odnosu na kompleksnosti, kontinuirane izazove i komparativne posebnosti vremena i poslovnog okru\u017eenja, formalnu okosnicu kvalitativnog potencijala Arhitektonskog studija BUREAU CUBE PARTNERS \u010dini implementirana digitalna transformacija svih projektantskih i administrativnih procesa u studiju, uz uspostavljenu potpunu koordinaciju i informacionu i komunikacionu metodologiju, kako u internim procesima razmena generisanih baza podataka, tako i u njihovom eksternom, izvoznom i\/ili prezentacionom procesu. Fundamentalni resurs i su\u0161tinska okosnica Arhitektonskog studija BUREAU CUBE PARTNERS ogleda se u izuzetno respektabilnom nivou strukovne osposobljenosti i profesionalne obu\u010denosti konstituisanih timova, razvrstanih po disciplinama, u okviru \u010detiri departmana.<\/div>\r\n                    <ul class=\"list-style-one\">\r\n                        \t\t\t\t\t\t<li><\/li>\r\n\t\t\t\t\t\t                    <\/ul>\r\n                <\/div>\r\n            <\/div>\r\n        <\/div>\r\n    <\/div>\r\n<\/section>\r\n<!-- End About Section Three -->\r\n<\/div><\/div><\/div><\/div><\/section><section class=\"kc-elm kc-css-506831 kc_row\"><div class=\"kc-row-container  kc-container\"><div class=\"kc-wrap-columns\"><div class=\"kc-elm kc-css-215382 kc_col-sm-12 kc_column kc_col-sm-12\"><div class=\"kc-col-container\">\r\n<!-- Services Section Six -->\r\n<section class=\"services-section-six\">\r\n\t<div class=\"auto-container\">\r\n\t\t<div class=\"row clearfix\">\r\n\t\t\t<!-- Content Column -->\r\n\t\t\t<div class=\"content-column col-lg-6 col-md-12 col-sm-12\">\r\n\t\t\t\t<div class=\"inner-column\">\r\n\t\t\t\t\t<!-- Sec Title -->\r\n\t\t\t\t\t<div class=\"sec-title\">\r\n\t\t\t\t\t\t<div class=\"inner-title\">\r\n\t\t\t\t\t\t\t<div class=\"title\">BUREAU CUBE PARTNERS<\/div>\r\n\t\t\t\t\t\t\t<h2>ZA VAS OBEZBE\u0110UJEMO<\/h2>\r\n\t\t\t\t\t\t<\/div>\r\n\t\t\t\t\t<\/div>\r\n\t\t\t\t\t<div class=\"text\">\r\n\t\t\t\t\t\t<img decoding=\"async\" src=\"\/wp-content\/uploads\/2020\/11\/Usluge-za-vas-obezbedjujemo.png\">\t\t\t\t\t<\/div>\r\n\t\t\t\t\t<a href=\"\/sr\/reference\/arhitektonsko-projektovanje\/\" class=\"theme-btn btn-style-two\">Saznaj vi\u0161e<\/a>\r\n\t\t\t\t<\/div>\r\n\t\t\t<\/div>\r\n\t\t\t\r\n            \t\t<\/div>\r\n\t<\/div>\r\n<\/section>\r\n<!-- End Services Section Six -->\r\n<\/div><\/div><\/div><\/div><\/section><\/p>\n","protected":false},"excerpt":{"rendered":"","protected":false},"author":1,"featured_media":0,"parent":0,"menu_order":0,"comment_status":"closed","ping_status":"closed","template":"tpl-king_composer.php","meta":{"footnotes":""},"class_list":["post-6247","page","type-page","status-publish","hentry"],"_links":{"self":[{"href":"https:\/\/www.bureaucube.com\/sr\/wp-json\/wp\/v2\/pages\/6247"}],"collection":[{"href":"https:\/\/www.bureaucube.com\/sr\/wp-json\/wp\/v2\/pages"}],"about":[{"href":"https:\/\/www.bureaucube.com\/sr\/wp-json\/wp\/v2\/types\/page"}],"author":[{"embeddable":true,"href":"https:\/\/www.bureaucube.com\/sr\/wp-json\/wp\/v2\/users\/1"}],"replies":[{"embeddable":true,"href":"https:\/\/www.bureaucube.com\/sr\/wp-json\/wp\/v2\/comments?post=6247"}],"version-history":[{"count":7,"href":"https:\/\/www.bureaucube.com\/sr\/wp-json\/wp\/v2\/pages\/6247\/revisions"}],"predecessor-version":[{"id":7514,"href":"https:\/\/www.bureaucube.com\/sr\/wp-json\/wp\/v2\/pages\/6247\/revisions\/7514"}],"wp:attachment":[{"href":"https:\/\/www.bureaucube.com\/sr\/wp-json\/wp\/v2\/media?parent=6247"}],"curies":[{"name":"wp","href":"https:\/\/api.w.org\/{rel}","templated":true}]}}