{"id":7900,"date":"2025-10-07T08:46:40","date_gmt":"2025-10-07T08:46:40","guid":{"rendered":"https:\/\/www.bureaucube.com\/?page_id=7900"},"modified":"2025-10-07T09:34:10","modified_gmt":"2025-10-07T09:34:10","slug":"alta-tower-u-beogradu-arhitektonsko-delo-koje-potpisuje-kolaboracija-studija-zaha-hadid-architects-zha-iz-londona-i-bureau-cube-partners-bcp-iz-beograda","status":"publish","type":"page","link":"https:\/\/www.bureaucube.com\/sr\/reference\/press\/alta-tower-u-beogradu-arhitektonsko-delo-koje-potpisuje-kolaboracija-studija-zaha-hadid-architects-zha-iz-londona-i-bureau-cube-partners-bcp-iz-beograda\/","title":{"rendered":"Alta Tower u Beogradu &#8211; arhitektonsko delo koje potpisuje kolaboracija studija Zaha Hadid Architects (ZHA) iz Londona i Bureau Cube Partners (BCP) iz Beograda"},"content":{"rendered":"<section class=\"kc-elm kc-css-307945 kc_row\"><div class=\"kc-row-container  kc-container\"><div class=\"kc-wrap-columns\"><div class=\"kc-elm kc-css-410004 kc_col-sm-12 kc_column kc_col-sm-12\"><div class=\"kc-col-container\"><div class=\"kc-elm kc-css-357904 kc_shortcode kc_single_image\">\n\n        <img decoding=\"async\" src=\"https:\/\/www.bureaucube.com\/wp-content\/uploads\/2025\/10\/AltaTower_005-683x1024.jpg\" class=\"\" alt=\"\" \/>    <\/div>\n<div class=\"kc-elm kc-css-284602\" style=\"height: 20px; clear: both; width:100%;\"><\/div><div class=\"kc-elm kc-css-189230 kc_text_block\"><\/p>\n<h1><b>Alta Tower u Beogradu &#8211; arhitektonsko delo koje potpisuje kolaboracija studija Zaha Hadid Architects (ZHA) iz Londona i Bureau Cube Partners (BCP) iz Beograda<\/b><\/h1>\n<p><b><br \/><\/b><\/p>\n<p><b><\/b><\/p>\n<p>Bureau Cube Partners (BCP), u saradnji sa arhitektonskim studijom Zaha Hadid Architects (ZHA), progla\u0161eni su pobednicima me\u0111unarodnog konkursa za izradu idejnog re\u0161enja novog objekta Alta Tower na Novom Beogradu.<\/p>\n<p>Arhitektonsko re\u0161enje koje potpisuju ZHA i BCP zasniva se na osnovnim vrednostima banke \u2013 stabilnosti, sigurnosti i postojanosti. Ugra\u0111uju\u0107i ove principe u samu strukturu objekta, projekat novog objekta osna\u017euje dalji rast i razvoj banke, obezbe\u0111uju\u0107i savremeno i prilagodljivo poslovno okru\u017eenje koje podr\u017eava savremene radne modele i podsti\u010de saradnju u dinami\u010dnom poslovnom ekosistemu.<\/p>\n<p>Projekat uklju\u010duje i formiranje nove pe\u0161a\u010dke javne promenade sa kafi\u0107ima i prodavnicama, \u010dime Alta Tower postaje zna\u010dajan urbani centar Novog Beograda \u2013 namenjen stanovnicima, zaposlenima, posetiocima, kao i studentima i akademskom osoblju novog Univerzitetskog centra koji se nalazi u neposrednom okru\u017eenju.<\/p>\n<p>Novi Beograd, povezan mre\u017eom autobuskih i tramvajskih linija, kao i sistemom BG Voz, ima odli\u010dnu dostupnost ostatku grada i Me\u0111unarodnom aerodromu \u201eNikola Tesla\u201c. Budu\u0107a stanica Merkator na liniji 1 planiranog metro sistema nalazi\u0107e se neposredno pored nove kule Alta Tower. Zahvaljuju\u0107i odli\u010dnoj saobra\u0107ajnoj povezanosti, Novi Beograd se i dalje razvija kao vode\u0107e poslovno sredi\u0161te regiona u kojem su sme\u0161tene brojne doma\u0107e i me\u0111unarodne korporacije.<\/p>\n<p>Nova zgrada sme\u0161tena je u bloku 32, u neposrednoj blizini Merkator centra i na pe\u0161a\u010dkoj udaljenosti od \u0161etali\u0161ta U\u0161\u0107e, na u\u0161\u0107u Save i Dunava. Specifi\u010dnosti lokacije odredile su kompoziciju i orijentaciju objekta visine 35 spratova.<\/p>\n<p>Postament objekta dimenzionalno je uskla\u0111en sa okolnim urbanim tkivom. Terase i zelene povr\u0161ine predvi\u0111ene su za odmor i neformalne susrete, dok dizajn postamenta omogu\u0107ava obilje prirodne svetlosti u enterijerima, stvaraju\u0107i prijatno radno okru\u017eenje sedi\u0161ta banke.<\/p>\n<div class=\"rl-gallery-container rl-loading\" id=\"rl-gallery-container-1\" data-gallery_id=\"7860\">\n<ul class=\"rl-gallery rl-basicslider-gallery \" id=\"rl-gallery-1\" data-gallery_no=\"1\">\n<li class=\"rl-gallery-item\"><a href=\"https:\/\/www.bureaucube.com\/wp-content\/uploads\/2025\/10\/AltaTower_003a-scaled.jpg\" title=\"\" data-rl_title=\"\" class=\"rl-gallery-link\" data-rl_caption=\"\" data-rel=\"lightbox-gallery-1\"><img loading=\"lazy\" decoding=\"async\" src=\"https:\/\/www.bureaucube.com\/wp-content\/uploads\/2025\/10\/AltaTower_003a-scaled.jpg\" width=\"2560\" height=\"2195\" alt=\"Alta Tower render\"\/><\/a><\/li>\n<li class=\"rl-gallery-item\"><a href=\"https:\/\/www.bureaucube.com\/wp-content\/uploads\/2025\/10\/AltaTower_002-scaled.jpg\" title=\"\" data-rl_title=\"\" class=\"rl-gallery-link\" data-rl_caption=\"\" data-rel=\"lightbox-gallery-1\"><img loading=\"lazy\" decoding=\"async\" src=\"https:\/\/www.bureaucube.com\/wp-content\/uploads\/2025\/10\/AltaTower_002-scaled.jpg\" width=\"2560\" height=\"1790\" alt=\"Alta Tower render\"\/><\/a><\/li>\n<li class=\"rl-gallery-item\"><a href=\"https:\/\/www.bureaucube.com\/wp-content\/uploads\/2025\/10\/AltaTower_004-scaled.jpg\" title=\"\" data-rl_title=\"\" class=\"rl-gallery-link\" data-rl_caption=\"\" data-rel=\"lightbox-gallery-1\"><img loading=\"lazy\" decoding=\"async\" src=\"https:\/\/www.bureaucube.com\/wp-content\/uploads\/2025\/10\/AltaTower_004-scaled.jpg\" width=\"2269\" height=\"2560\" alt=\"Alta Tower render\"\/><\/a><\/li>\n<\/ul><\/div>\n<\/p>\n<p>Dve ekspoziture banke, namenjene neposrednim uslugama klijentima, pozicionirane su uz Bulevar Zorana \u0110in\u0111i\u0107a radi optimalne pristupa\u010dnosti. Kretanje pe\u0161aka ima prioritet u odnosu na pristup vozilima, dok su javni prostori projektovani kao otvoreni i ravni, namenjeni svim korisnicima objekta \u2013 zaposlenima, stanarima i posetiocima.<\/p>\n<p>Kompleks objedinjuje sedi\u0161te banke, stambene jedinice i izdava\u010dke poslovne prostore, uz trg sa komercijalnim i ugostiteljskim sadr\u017eajima u prizemlju.<\/p>\n<p>Stambeni delovi pozicionirani su na vi\u0161im eta\u017eama zgrade, kako bi se maksimalno iskoristili panoramski pogledi na dolinu Dunava i staro gradsko jezgro Beograda. Poslovni prostori namenjeni izdavanju nalaze se na ni\u017eim eta\u017eama, nude\u0107i fleksibilne prostorne rasporede i laku dostupnost. Sedi\u0161te banke zauzima ni\u017ee spratove, kao i gornje eta\u017ee postamenta, obezbe\u0111uju\u0107i efikasan, prilagodljiv i svetao radni prostor sa prostranim spoljnim terasama za odmor zaposlenih. Spratovi uprave banke nalaze se na vrhu kule, sa ekskluzivnim sadr\u017eajima i pogledom na panoramu grada.<\/p>\n<p>Umerena kontinentalna klima Beograda uticala je na sve aspekte arhitektonskog koncepta, sa ciljem unapre\u0111enja energetske efikasnosti. Omogu\u0107eno je prirodno provetravanje kroz kulu i postament, dok vertikalne lamele na fasadi smanjuju toplotno zra\u010denje i stvaraju suptilnu gradaciju izme\u0111u transparentnosti i puno\u0107e, nagla\u0161avaju\u0107i dinami\u010dnu formu objekta. Projekat je optimizovan za modularnu efikasnost, uz upotrebu materijala i sistema nabavljenih na lokalnom tr\u017ei\u0161tu u Srbiji.<\/p>\n<p>\n<\/div><div class=\"kc-elm kc-css-621699\" style=\"height: 20px; clear: both; width:100%;\"><\/div><div class=\"kc-elm kc-css-20853 kc_shortcode kc_single_image\">\n\n        <img decoding=\"async\" src=\"https:\/\/www.bureaucube.com\/wp-content\/uploads\/2025\/10\/AltaTower_001-768x1024.jpg\" class=\"\" alt=\"\" \/>    <\/div>\n<\/div><\/div><\/div><\/div><\/section>\n","protected":false},"excerpt":{"rendered":"","protected":false},"author":1,"featured_media":0,"parent":6122,"menu_order":0,"comment_status":"closed","ping_status":"closed","template":"","meta":{"footnotes":""},"class_list":["post-7900","page","type-page","status-publish","hentry"],"_links":{"self":[{"href":"https:\/\/www.bureaucube.com\/sr\/wp-json\/wp\/v2\/pages\/7900"}],"collection":[{"href":"https:\/\/www.bureaucube.com\/sr\/wp-json\/wp\/v2\/pages"}],"about":[{"href":"https:\/\/www.bureaucube.com\/sr\/wp-json\/wp\/v2\/types\/page"}],"author":[{"embeddable":true,"href":"https:\/\/www.bureaucube.com\/sr\/wp-json\/wp\/v2\/users\/1"}],"replies":[{"embeddable":true,"href":"https:\/\/www.bureaucube.com\/sr\/wp-json\/wp\/v2\/comments?post=7900"}],"version-history":[{"count":7,"href":"https:\/\/www.bureaucube.com\/sr\/wp-json\/wp\/v2\/pages\/7900\/revisions"}],"predecessor-version":[{"id":7911,"href":"https:\/\/www.bureaucube.com\/sr\/wp-json\/wp\/v2\/pages\/7900\/revisions\/7911"}],"up":[{"embeddable":true,"href":"https:\/\/www.bureaucube.com\/sr\/wp-json\/wp\/v2\/pages\/6122"}],"wp:attachment":[{"href":"https:\/\/www.bureaucube.com\/sr\/wp-json\/wp\/v2\/media?parent=7900"}],"curies":[{"name":"wp","href":"https:\/\/api.w.org\/{rel}","templated":true}]}}